                                                                                                                                                                                                                                                                                                                                                                                                                                                                                                                                                                                                                                                                                                                                                                                                                                                                                                                                                                                                                                                                                                                                                                                                                                                                                                                                                                                                                                                                                                                                                                                                                                                                                                                                                                                                                                                                                                                                                                                                                                                                                                                                                                                                                                                                                                                                                                                                                                                                                                                                                                                                                                                                                                        {"id":4173,"date":"2022-05-28T01:28:45","date_gmt":"2022-05-28T08:28:45","guid":{"rendered":"https:\/\/spectres.conundrumhouse.com\/?page_id=4173"},"modified":"2022-05-28T02:33:47","modified_gmt":"2022-05-28T09:33:47","slug":"cryptogram","status":"publish","type":"page","link":"https:\/\/spectres.conundrumhouse.com\/es\/season2-game-overview\/cryptogram\/","title":{"rendered":"Desaf\u00edo 4.2 Como criptograma dom\u00e9stico"},"content":{"rendered":"<div data-elementor-type=\"wp-page\" data-elementor-id=\"4173\" class=\"elementor elementor-4173\">\n\t\t\t\t\t\t\t\t\t<section class=\"elementor-section elementor-top-section elementor-element elementor-element-45e08ad elementor-section-boxed elementor-section-height-default elementor-section-height-default\" data-id=\"45e08ad\" data-element_type=\"section\">\n\t\t\t\t\t\t<div class=\"elementor-container elementor-column-gap-default\">\n\t\t\t\t\t<div class=\"elementor-column elementor-col-100 elementor-top-column elementor-element elementor-element-8407a11\" data-id=\"8407a11\" data-element_type=\"column\">\n\t\t\t<div class=\"elementor-widget-wrap elementor-element-populated\">\n\t\t\t\t\t\t\t\t<div class=\"elementor-element elementor-element-3faac9f dc-has-condition dc-condition-greater elementor-nav-menu--dropdown-tablet elementor-nav-menu__text-align-aside elementor-nav-menu--toggle elementor-nav-menu--burger elementor-widget elementor-widget-global elementor-global-2208 elementor-widget-nav-menu\" data-id=\"3faac9f\" data-element_type=\"widget\" data-settings=\"{&quot;layout&quot;:&quot;horizontal&quot;,&quot;submenu_icon&quot;:{&quot;value&quot;:&quot;fas fa-caret-down&quot;,&quot;library&quot;:&quot;fa-solid&quot;},&quot;toggle&quot;:&quot;burger&quot;}\" data-widget_type=\"nav-menu.default\">\n\t\t\t\t<div class=\"elementor-widget-container\">\n\t\t\t<link rel=\"stylesheet\" href=\"https:\/\/spectres.conundrumhouse.com\/wp-content\/plugins\/elementor-pro\/assets\/css\/widget-nav-menu.min.css\">\t\t\t<nav class=\"elementor-nav-menu--main elementor-nav-menu__container elementor-nav-menu--layout-horizontal e--pointer-underline e--animation-fade\">\n\t\t\t\t<ul id=\"menu-1-3faac9f\" class=\"elementor-nav-menu\"><li class=\"menu-item menu-item-type-post_type menu-item-object-page menu-item-3455\"><a href=\"https:\/\/spectres.conundrumhouse.com\/es\/season2-game-overview\/\" class=\"elementor-item\">Descripci\u00f3n general del juego de la temporada 2<\/a><\/li>\n<\/ul>\t\t\t<\/nav>\n\t\t\t\t\t<div class=\"elementor-menu-toggle\" role=\"button\" tabindex=\"0\" aria-label=\"Alternar men\u00fa\" aria-expanded=\"false\">\n\t\t\t<svg aria-hidden=\"true\" role=\"presentation\" class=\"elementor-menu-toggle__icon--open e-font-icon-svg e-eicon-menu-bar\" viewbox=\"0 0 1000 1000\" xmlns=\"http:\/\/www.w3.org\/2000\/svg\"><path d=\"M104 333H896C929 333 958 304 958 271S929 208 896 208H104C71 208 42 237 42 271S71 333 104 333ZM104 583H896C929 583 958 554 958 521S929 458 896 458H104C71 458 42 487 42 521S71 583 104 583ZM104 833H896C929 833 958 804 958 771S929 708 896 708H104C71 708 42 737 42 771S71 833 104 833Z\"><\/path><\/svg><svg aria-hidden=\"true\" role=\"presentation\" class=\"elementor-menu-toggle__icon--close e-font-icon-svg e-eicon-close\" viewbox=\"0 0 1000 1000\" xmlns=\"http:\/\/www.w3.org\/2000\/svg\"><path d=\"M742 167L500 408 258 167C246 154 233 150 217 150 196 150 179 158 167 167 154 179 150 196 150 212 150 229 154 242 171 254L408 500 167 742C138 771 138 800 167 829 196 858 225 858 254 829L496 587 738 829C750 842 767 846 783 846 800 846 817 842 829 829 842 817 846 804 846 783 846 767 842 750 829 737L588 500 833 258C863 229 863 200 833 171 804 137 775 137 742 167Z\"><\/path><\/svg>\t\t\t<span class=\"elementor-screen-only\">Men\u00fa<\/span>\n\t\t<\/div>\n\t\t\t\t\t<nav class=\"elementor-nav-menu--dropdown elementor-nav-menu__container\" aria-hidden=\"true\">\n\t\t\t\t<ul id=\"menu-2-3faac9f\" class=\"elementor-nav-menu\"><li class=\"menu-item menu-item-type-post_type menu-item-object-page menu-item-3455\"><a href=\"https:\/\/spectres.conundrumhouse.com\/es\/season2-game-overview\/\" class=\"elementor-item\" tabindex=\"-1\">Descripci\u00f3n general del juego de la temporada 2<\/a><\/li>\n<\/ul>\t\t\t<\/nav>\n\t\t\t\t<\/div>\n\t\t\t\t<\/div>\n\t\t\t\t\t<\/div>\n\t\t<\/div>\n\t\t\t\t\t\t\t<\/div>\n\t\t<\/section>\n\t\t\t\t<section class=\"elementor-section elementor-top-section elementor-element elementor-element-01e7d0f elementor-section-boxed elementor-section-height-default elementor-section-height-default\" data-id=\"01e7d0f\" data-element_type=\"section\">\n\t\t\t\t\t\t<div class=\"elementor-container elementor-column-gap-default\">\n\t\t\t\t\t<div class=\"elementor-column elementor-col-100 elementor-top-column elementor-element elementor-element-762b339\" data-id=\"762b339\" data-element_type=\"column\">\n\t\t\t<div class=\"elementor-widget-wrap elementor-element-populated\">\n\t\t\t\t\t\t\t\t<div class=\"elementor-element elementor-element-25bff4a elementor-widget elementor-widget-heading\" data-id=\"25bff4a\" data-element_type=\"widget\" data-widget_type=\"heading.default\">\n\t\t\t\t<div class=\"elementor-widget-container\">\n\t\t\t<style>\/*! elementor - v3.12.1 - 02-04-2023 *\/\n.elementor-heading-title{padding:0;margin:0;line-height:1}.elementor-widget-heading .elementor-heading-title[class*=elementor-size-]>a{color:inherit;font-size:inherit;line-height:inherit}.elementor-widget-heading .elementor-heading-title.elementor-size-small{font-size:15px}.elementor-widget-heading .elementor-heading-title.elementor-size-medium{font-size:19px}.elementor-widget-heading .elementor-heading-title.elementor-size-large{font-size:29px}.elementor-widget-heading .elementor-heading-title.elementor-size-xl{font-size:39px}.elementor-widget-heading .elementor-heading-title.elementor-size-xxl{font-size:59px}<\/style><h2 class=\"elementor-heading-title elementor-size-default\">A ra\u00edz de las acciones extraordinarias de las personas que has conocido durante tu b\u00fasqueda, te dejamos con un edicto final.<\/h2>\t\t<\/div>\n\t\t\t\t<\/div>\n\t\t\t\t<div class=\"elementor-element elementor-element-6bca352 elementor-tabs-view-horizontal elementor-widget elementor-widget-tabs\" data-id=\"6bca352\" data-element_type=\"widget\" data-widget_type=\"tabs.default\">\n\t\t\t\t<div class=\"elementor-widget-container\">\n\t\t\t<style>\/*! elementor - v3.12.1 - 02-04-2023 *\/\n.elementor-widget-tabs.elementor-tabs-view-vertical .elementor-tabs-wrapper{width:25%;flex-shrink:0}.elementor-widget-tabs.elementor-tabs-view-vertical .elementor-tab-desktop-title.elementor-active{border-right-style:none}.elementor-widget-tabs.elementor-tabs-view-vertical .elementor-tab-desktop-title.elementor-active:after,.elementor-widget-tabs.elementor-tabs-view-vertical .elementor-tab-desktop-title.elementor-active:before{height:999em;width:0;right:0;border-right-style:solid}.elementor-widget-tabs.elementor-tabs-view-vertical .elementor-tab-desktop-title.elementor-active:before{top:0;transform:translateY(-100%)}.elementor-widget-tabs.elementor-tabs-view-vertical .elementor-tab-desktop-title.elementor-active:after{top:100%}.elementor-widget-tabs.elementor-tabs-view-horizontal .elementor-tab-desktop-title{display:table-cell}.elementor-widget-tabs.elementor-tabs-view-horizontal .elementor-tab-desktop-title.elementor-active{border-bottom-style:none}.elementor-widget-tabs.elementor-tabs-view-horizontal .elementor-tab-desktop-title.elementor-active:after,.elementor-widget-tabs.elementor-tabs-view-horizontal .elementor-tab-desktop-title.elementor-active:before{bottom:0;height:0;width:999em;border-bottom-style:solid}.elementor-widget-tabs.elementor-tabs-view-horizontal .elementor-tab-desktop-title.elementor-active:before{right:100%}.elementor-widget-tabs.elementor-tabs-view-horizontal .elementor-tab-desktop-title.elementor-active:after{left:100%}.elementor-widget-tabs .elementor-tab-content,.elementor-widget-tabs .elementor-tab-title,.elementor-widget-tabs .elementor-tab-title:after,.elementor-widget-tabs .elementor-tab-title:before,.elementor-widget-tabs .elementor-tabs-content-wrapper{border:1px #d5d8dc}.elementor-widget-tabs .elementor-tabs{text-align:left}.elementor-widget-tabs .elementor-tabs-wrapper{overflow:hidden}.elementor-widget-tabs .elementor-tab-title{cursor:pointer;outline:var(--focus-outline,none)}.elementor-widget-tabs .elementor-tab-desktop-title{position:relative;padding:20px 25px;font-weight:700;line-height:1;border:solid transparent}.elementor-widget-tabs .elementor-tab-desktop-title.elementor-active{border-color:#d5d8dc}.elementor-widget-tabs .elementor-tab-desktop-title.elementor-active:after,.elementor-widget-tabs .elementor-tab-desktop-title.elementor-active:before{display:block;content:\"\";position:absolute}.elementor-widget-tabs .elementor-tab-desktop-title:focus-visible{border:1px solid #000}.elementor-widget-tabs .elementor-tab-mobile-title{padding:10px;cursor:pointer}.elementor-widget-tabs .elementor-tab-content{padding:20px;display:none}@media (max-width:767px){.elementor-tabs .elementor-tab-content,.elementor-tabs .elementor-tab-title{border-style:solid solid none}.elementor-tabs .elementor-tabs-wrapper{display:none}.elementor-tabs .elementor-tabs-content-wrapper{border-bottom-style:solid}.elementor-tabs .elementor-tab-content{padding:10px}}@media (min-width:768px){.elementor-widget-tabs.elementor-tabs-view-vertical .elementor-tabs{display:flex}.elementor-widget-tabs.elementor-tabs-view-vertical .elementor-tabs-wrapper{flex-direction:column}.elementor-widget-tabs.elementor-tabs-view-vertical .elementor-tabs-content-wrapper{flex-grow:1;border-style:solid solid solid none}.elementor-widget-tabs.elementor-tabs-view-horizontal .elementor-tab-content{border-style:none solid solid}.elementor-widget-tabs.elementor-tabs-alignment-center .elementor-tabs-wrapper,.elementor-widget-tabs.elementor-tabs-alignment-end .elementor-tabs-wrapper,.elementor-widget-tabs.elementor-tabs-alignment-stretch .elementor-tabs-wrapper{display:flex}.elementor-widget-tabs.elementor-tabs-alignment-center .elementor-tabs-wrapper{justify-content:center}.elementor-widget-tabs.elementor-tabs-alignment-end .elementor-tabs-wrapper{justify-content:flex-end}.elementor-widget-tabs.elementor-tabs-alignment-stretch.elementor-tabs-view-horizontal .elementor-tab-title{width:100%}.elementor-widget-tabs.elementor-tabs-alignment-stretch.elementor-tabs-view-vertical .elementor-tab-title{height:100%}.elementor-tabs .elementor-tab-mobile-title{display:none}}<\/style>\t\t<div class=\"elementor-tabs\">\n\t\t\t<div class=\"elementor-tabs-wrapper\" role=\"tablist\" >\n\t\t\t\t\t\t\t\t\t<div id=\"elementor-tab-title-1131\" class=\"elementor-tab-title elementor-tab-desktop-title\" aria-selected=\"true\" data-tab=\"1\" role=\"tab\" tabindex=\"0\" aria-controls=\"elementor-tab-content-1131\" aria-expanded=\"false\">Criptograma<\/div>\n\t\t\t\t\t\t\t\t\t<div id=\"elementor-tab-title-1132\" class=\"elementor-tab-title elementor-tab-desktop-title\" aria-selected=\"false\" data-tab=\"2\" role=\"tab\" tabindex=\"-1\" aria-controls=\"elementor-tab-content-1132\" aria-expanded=\"false\">Pistas 1-4<\/div>\n\t\t\t\t\t\t\t\t\t<div id=\"elementor-tab-title-1133\" class=\"elementor-tab-title elementor-tab-desktop-title\" aria-selected=\"false\" data-tab=\"3\" role=\"tab\" tabindex=\"-1\" aria-controls=\"elementor-tab-content-1133\" aria-expanded=\"false\">Pistas 5-8<\/div>\n\t\t\t\t\t\t\t\t\t<div id=\"elementor-tab-title-1134\" class=\"elementor-tab-title elementor-tab-desktop-title\" aria-selected=\"false\" data-tab=\"4\" role=\"tab\" tabindex=\"-1\" aria-controls=\"elementor-tab-content-1134\" aria-expanded=\"false\">Pistas 9-12<\/div>\n\t\t\t\t\t\t\t\t\t<div id=\"elementor-tab-title-1135\" class=\"elementor-tab-title elementor-tab-desktop-title\" aria-selected=\"false\" data-tab=\"5\" role=\"tab\" tabindex=\"-1\" aria-controls=\"elementor-tab-content-1135\" aria-expanded=\"false\">Histograma de letras revelado<\/div>\n\t\t\t\t\t\t\t<\/div>\n\t\t\t<div class=\"elementor-tabs-content-wrapper\" role=\"tablist\" aria-orientation=\"vertical\">\n\t\t\t\t\t\t\t\t\t<div class=\"elementor-tab-title elementor-tab-mobile-title\" aria-selected=\"true\" data-tab=\"1\" role=\"tab\" tabindex=\"0\" aria-controls=\"elementor-tab-content-1131\" aria-expanded=\"false\">Criptograma<\/div>\n\t\t\t\t\t<div id=\"elementor-tab-content-1131\" class=\"elementor-tab-content elementor-clearfix\" data-tab=\"1\" role=\"tabpanel\" aria-labelledby=\"elementor-tab-title-1131\" tabindex=\"0\" hidden=\"false\">Este criptograma se puede resolver mediante an\u00e1lisis num\u00e9rico, cuyas pistas se proporcionan en las pesta\u00f1as. Podr\u00eda ser \u00fatil crear una distribuci\u00f3n de frecuencia de letras, como la siguiente:\n<p\/>\n<table >\n<tbody >\n<tr >\n<td style=\"padding:1px; text-align: center;\"><span style=\"font-weight: 400;\"> <\/span><\/td>\n<td\/>\n<td\/>\n<td\/>\n<td\/>\n<td\/>\n<td\/>\n<td\/>\n<td\/>\n<td\/>\n<\/tr>\n<tr >\n<td style=\"padding:1px; text-align: center;\"><span style=\"font-weight: 400;\"><\/span><\/td>\n<td\/>\n<td style=\"padding:1px; text-align: center;\"><span style=\"font-weight: 400;\"><\/span><\/td>\n<td\/>\n<td\/>\n<td\/>\n<td\/>\n<td\/>\n<td\/>\n<td\/>\n<\/tr>\n<tr>\n<td style=\"padding:1px; text-align: center;\"><span style=\"font-weight: 400;\"><\/span><\/td>\n<td style=\"padding:1px; text-align: center;\"><span style=\"font-weight: 400;\"><\/span><\/td>\n<td style=\"padding:1px; text-align: center;\"><span style=\"font-weight: 400;\"><\/span><\/td>\n<td><\/td>\n<td><\/td>\n<td><\/td>\n<td><\/td>\n<td><\/td>\n<td><\/td>\n<td><\/td>\n<\/tr>\n<tr>\n<td style=\"padding:1px; text-align: center;\"><span style=\"font-weight: 400;\"><\/span><\/td>\n<td style=\"padding:1px; text-align: center;\"><span style=\"font-weight: 400;\"><\/span><\/td>\n<td style=\"padding:1px; text-align: center;\"><span style=\"font-weight: 400;\"><\/span><\/td>\n<td style=\"padding:1px; text-align: center;\"><span style=\"font-weight: 400;\"><\/span><\/td>\n<td style=\"text-align: center;\"><\/td>\n<td><\/td>\n<td><\/td>\n<td><\/td>\n<td><\/td>\n<td><\/td>\n<\/tr>\n<tr style=\"text-align: center; font-weight: 400;\">\n<td ><span><\/span><\/td>\n<td ><span><\/span><\/td>\n<td ><span><\/span><\/td>\n<td ><span><\/span><\/td>\n<td ><span><\/span><\/td>\n<td ><span><\/span><\/td>\n<td ><span><\/span><\/td>\n<td ><span><\/span><\/td>\n<td ><span><\/span><\/td>\n<td ><span><\/span><\/td>\n<\/tr>\n<tr style=\"text-align: center;\">\n<td><strong>soltero<\/strong><\/td>\n<td><strong>dueto<\/strong><\/td>\n<td><strong>trillizo<\/strong><\/td>\n<td><strong>patio<\/strong><\/td>\n<td><strong>quinteto<\/strong><\/td>\n<td><strong>sexteto<\/strong><\/td>\n<td><strong>septeto<\/strong><\/td>\n<td><strong>octeto<\/strong><\/td>\n<td><strong>nonillizo<\/strong><\/td>\n<td><strong>decteto<\/strong><\/td>\n<\/tr>\n<\/tbody>\n<\/table><\/div>\n\t\t\t\t\t\t\t\t\t<div class=\"elementor-tab-title elementor-tab-mobile-title\" aria-selected=\"false\" data-tab=\"2\" role=\"tab\" tabindex=\"-1\" aria-controls=\"elementor-tab-content-1132\" aria-expanded=\"false\">Pistas 1-4<\/div>\n\t\t\t\t\t<div id=\"elementor-tab-content-1132\" class=\"elementor-tab-content elementor-clearfix\" data-tab=\"2\" role=\"tabpanel\" aria-labelledby=\"elementor-tab-title-1132\" tabindex=\"0\" hidden=\"hidden\"><p><span style=\"font-weight: 400;\">La \u201cS\u201d aparece la mitad de veces que la \u201cE\u201d m\u00e1s com\u00fan<\/span><\/p><p><span style=\"font-weight: 400;\">\u201cH\u201d es el primo m\u00e1s grande en el recuento de frecuencia.<\/span><\/p><p><span style=\"font-weight: 400;\">Los 5 singles no cuentan con los dem\u00e1s.<\/span><\/p><p><span style=\"font-weight: 400;\">\u201cR\u201d aparece 4 veces m\u00e1s que \u201cY\u201d o \u201cG\u201d,<\/span><span style=\"font-weight: 400;\">\u00a0<br \/><\/span><span style=\"font-weight: 400;\">pero s\u00f3lo 2 veces m\u00e1s que \u201cB\u201d o \u201cN\u201d<\/span><\/p><\/div>\n\t\t\t\t\t\t\t\t\t<div class=\"elementor-tab-title elementor-tab-mobile-title\" aria-selected=\"false\" data-tab=\"3\" role=\"tab\" tabindex=\"-1\" aria-controls=\"elementor-tab-content-1133\" aria-expanded=\"false\">Pistas 5-8<\/div>\n\t\t\t\t\t<div id=\"elementor-tab-content-1133\" class=\"elementor-tab-content elementor-clearfix\" data-tab=\"3\" role=\"tabpanel\" aria-labelledby=\"elementor-tab-title-1133\" tabindex=\"0\" hidden=\"hidden\"><p><span style=\"font-weight: 400;\">\u201cN\u201d solo est\u00e1 en el medio o en el pen\u00faltimo lugar de su palabra.<\/span><\/p><p><span style=\"font-weight: 400;\">\u201cB\u201d aparece 2 veces m\u00e1s que \u201cG\u201d o \u201cW\u201d<\/span><\/p><p><span style=\"font-weight: 400;\">La \u201cT\u201d aparece s\u00f3lo el doble que la \u201cA\u201d<br \/><\/span>pero \u201cC\u201d aparece 3 veces menos que \u201cI\u201d<\/p><p><span style=\"font-weight: 400;\">\u201cY\u201d sigue a \u201cB\u201d<\/span><\/p><\/div>\n\t\t\t\t\t\t\t\t\t<div class=\"elementor-tab-title elementor-tab-mobile-title\" aria-selected=\"false\" data-tab=\"4\" role=\"tab\" tabindex=\"-1\" aria-controls=\"elementor-tab-content-1134\" aria-expanded=\"false\">Pistas 9-12<\/div>\n\t\t\t\t\t<div id=\"elementor-tab-content-1134\" class=\"elementor-tab-content elementor-clearfix\" data-tab=\"4\" role=\"tabpanel\" aria-labelledby=\"elementor-tab-title-1134\" tabindex=\"0\" hidden=\"hidden\"><p><span style=\"font-weight: 400;\">\u201cG\u201d y \u201cW\u201d siempre est\u00e1n en el mismo extremo opuesto de sus palabras.<\/span><\/p><p><span style=\"font-weight: 400;\">La \u201cO\u201d aparece tan a menudo como la \u201cA\u201d, la \u201cC\u201d y la \u201cM\u201d, pero la \u201cA\u201d siempre est\u00e1 sola en su palabra.<\/span><\/p><p><span style=\"font-weight: 400;\">Mientras \u201cC\u201d y \u201cM\u201d se encuentran al final, s\u00f3lo el par de \u201cC\u201d est\u00e1 en equilibrio.<\/span><\/p><p><span style=\"font-weight: 400;\">Tres \u201cO\u201d completan la plantilla, dejando 5 que no jugaron \u2013\u00a0 <\/span><span style=\"font-weight: 400;\">\u201cP\u201d lidera los que se resisten, y \u201cD\u201d va detr\u00e1s de su palabra, mientras que \u201cF\u201d est\u00e1 casi en el medio de casi la palabra m\u00e1s larga.\u00a0<\/span><span style=\"font-weight: 400;\">\u201cU\u201d son \u201cI\u201dzquierda derecha.<\/span><\/p><\/div>\n\t\t\t\t\t\t\t\t\t<div class=\"elementor-tab-title elementor-tab-mobile-title\" aria-selected=\"false\" data-tab=\"5\" role=\"tab\" tabindex=\"-1\" aria-controls=\"elementor-tab-content-1135\" aria-expanded=\"false\">Histograma de letras revelado<\/div>\n\t\t\t\t\t<div id=\"elementor-tab-content-1135\" class=\"elementor-tab-content elementor-clearfix\" data-tab=\"5\" role=\"tabpanel\" aria-labelledby=\"elementor-tab-title-1135\" tabindex=\"0\" hidden=\"hidden\"><table >\n<tbody >\n<tr >\n<td style=\"padding:1px; text-align: center;\"><span style=\"font-weight: 400;\">20<\/span><\/td>\n<td\/>\n<td\/>\n<td\/>\n<td\/>\n<td\/>\n<td\/>\n<td\/>\n<td\/>\n<td\/>\n<\/tr>\n<tr >\n<td style=\"padding:1px; text-align: center;\"><span style=\"font-weight: 400;\">25<\/span><\/td>\n<td\/>\n<td style=\"padding:1px; text-align: center;\"><span style=\"font-weight: 400;\">3<\/span><\/td>\n<td\/>\n<td\/>\n<td\/>\n<td\/>\n<td\/>\n<td\/>\n<td\/>\n<\/tr>\n<tr>\n<td style=\"padding:1px; text-align: center;\"><span style=\"font-weight: 400;\">8<\/span>0<\/td>\n<td style=\"padding:1px; text-align: center;\"><span style=\"font-weight: 400;\">21<\/span><\/td>\n<td style=\"padding:1px; text-align: center;\"><span style=\"font-weight: 400;\">5<\/span><\/td>\n<td><\/td>\n<td><\/td>\n<td><\/td>\n<td><\/td>\n<td><\/td>\n<td><\/td>\n<td><\/td>\n<\/tr>\n<tr>\n<td style=\"padding:1px; text-align: center;\"><span style=\"font-weight: 400;\">14<\/span><\/td>\n<td style=\"padding:1px; text-align: center;\"><span style=\"font-weight: 400;\">15<\/span><\/td>\n<td style=\"padding:1px; text-align: center;\"><span style=\"font-weight: 400;\">9<\/span><\/td>\n<td style=\"padding:1px; text-align: center;\"><span style=\"font-weight: 400;\">6<\/span><\/td>\n<td style=\"text-align: center;\"><\/td>\n<td><\/td>\n<td><\/td>\n<td><\/td>\n<td><\/td>\n<td><\/td>\n<\/tr>\n<tr style=\"text-align: center; font-weight: 400;\">\n<td ><span>22<\/span><\/td>\n<td ><span>16<\/span><\/td>\n<td ><span>13<\/span><\/td>\n<td ><span>23<\/span><\/td>\n<td ><span>1<\/span><\/td>\n<td ><span>24<\/span><\/td>\n<td ><span>10<\/span><\/td>\n<td ><span>19<\/span><\/td>\n<td ><span>17<\/span><\/td>\n<td ><span>4<\/span><\/td>\n<\/tr>\n<tr style=\"text-align: center;\">\n<td><strong>soltero<\/strong><\/td>\n<td><strong>dueto<\/strong><\/td>\n<td><strong>trillizo<\/strong><\/td>\n<td><strong>patio<\/strong><\/td>\n<td><strong>quinteto<\/strong><\/td>\n<td><strong>sexteto<\/strong><\/td>\n<td><strong>septeto<\/strong><\/td>\n<td><strong>octeto<\/strong><\/td>\n<td><strong>nonillizo<\/strong><\/td>\n<td><strong>decteto<\/strong><\/td>\n<\/tr>\n<\/tbody>\n<\/table><\/div>\n\t\t\t\t\t\t\t<\/div>\n\t\t<\/div>\n\t\t\t\t<\/div>\n\t\t\t\t<\/div>\n\t\t\t\t<div class=\"elementor-element elementor-element-ed96ded elementor-widget elementor-widget-html\" data-id=\"ed96ded\" data-element_type=\"widget\" data-widget_type=\"html.default\">\n\t\t\t\t<div class=\"elementor-widget-container\">\n\t\t\t<div><iframe src='https:\/\/puzzel.org\/en\/cryptogram\/embed?p=-N37JVQSI8jTyTwQBSFp' width='100%' height='630' frameborder='0'><\/iframe><\/div>\t\t<\/div>\n\t\t\t\t<\/div>\n\t\t\t\t\t<\/div>\n\t\t<\/div>\n\t\t\t\t\t\t\t<\/div>\n\t\t<\/section>\n\t\t\t\t\t\t\t<\/div>","protected":false},"excerpt":{"rendered":"<p>In the wake of the extraordinary actions of folks you have now met during your quest, we leave you with a final edict. Cryptogram Clues 1-4 Clues 5-8 Clues 9-12 Letter Histogram Revealed Cryptogram This cryptogram can be solved using numerical analysis, clues for which are provided in the tabs. It might support the solution &#8230; <a title=\"Desaf\u00edo 4.2 Como criptograma dom\u00e9stico\" class=\"read-more\" href=\"https:\/\/spectres.conundrumhouse.com\/es\/season2-game-overview\/cryptogram\/\" aria-label=\"M\u00e1s en Challenge 4.2 Like Home Cryptogram\">Leer m\u00e1s<\/a><\/p>","protected":false},"author":1,"featured_media":0,"parent":3430,"menu_order":0,"comment_status":"closed","ping_status":"closed","template":"","meta":[],"folder":[93],"acf":[],"_links":{"self":[{"href":"https:\/\/spectres.conundrumhouse.com\/es\/wp-json\/wp\/v2\/pages\/4173"}],"collection":[{"href":"https:\/\/spectres.conundrumhouse.com\/es\/wp-json\/wp\/v2\/pages"}],"about":[{"href":"https:\/\/spectres.conundrumhouse.com\/es\/wp-json\/wp\/v2\/types\/page"}],"author":[{"embeddable":true,"href":"https:\/\/spectres.conundrumhouse.com\/es\/wp-json\/wp\/v2\/users\/1"}],"replies":[{"embeddable":true,"href":"https:\/\/spectres.conundrumhouse.com\/es\/wp-json\/wp\/v2\/comments?post=4173"}],"version-history":[{"count":5,"href":"https:\/\/spectres.conundrumhouse.com\/es\/wp-json\/wp\/v2\/pages\/4173\/revisions"}],"predecessor-version":[{"id":4198,"href":"https:\/\/spectres.conundrumhouse.com\/es\/wp-json\/wp\/v2\/pages\/4173\/revisions\/4198"}],"up":[{"embeddable":true,"href":"https:\/\/spectres.conundrumhouse.com\/es\/wp-json\/wp\/v2\/pages\/3430"}],"wp:attachment":[{"href":"https:\/\/spectres.conundrumhouse.com\/es\/wp-json\/wp\/v2\/media?parent=4173"}],"wp:term":[{"taxonomy":"folder","embeddable":true,"href":"https:\/\/spectres.conundrumhouse.com\/es\/wp-json\/wp\/v2\/folder?post=4173"}],"curies":[{"name":"wp","href":"https:\/\/api.w.org\/{rel}","templated":true}]}}