                                                                                                                                                                                                                                                                                                                                                                                                                                                                                                                                                                                                                                                                                                                                                                                                                                                                                                                                                                                                                                                                                                                                                                                                                                                                                                                                                                                                                                                                                                                                                                                                                                                                                                                                                                                                                                                                                                                                                                                                                                                                                                                                                                                                                                                                                                                                                                                                                                                                                                                                                                                                                                                                                                        {"id":3851,"date":"2022-05-16T00:58:48","date_gmt":"2022-05-16T07:58:48","guid":{"rendered":"https:\/\/spectres.conundrumhouse.com\/?page_id=3851"},"modified":"2022-05-19T21:00:59","modified_gmt":"2022-05-20T04:00:59","slug":"puzzel-471021","status":"publish","type":"page","link":"https:\/\/spectres.conundrumhouse.com\/es\/season2-game-overview\/s2-episode-2-philomath-reunion-committee\/s2-episode-2-committee-notes\/puzzel-471021\/","title":{"rendered":"T2 - Episodio 2 - Incendio en serie, pero qui\u00e9n"},"content":{"rendered":"<div data-elementor-type=\"wp-page\" data-elementor-id=\"3851\" class=\"elementor elementor-3851\">\n\t\t\t\t\t\t\t\t\t<section class=\"elementor-section elementor-top-section elementor-element elementor-element-2692dbe elementor-section-boxed elementor-section-height-default elementor-section-height-default\" data-id=\"2692dbe\" data-element_type=\"section\">\n\t\t\t\t\t\t<div class=\"elementor-container elementor-column-gap-default\">\n\t\t\t\t\t<div class=\"elementor-column elementor-col-100 elementor-top-column elementor-element elementor-element-4fcf634\" data-id=\"4fcf634\" data-element_type=\"column\">\n\t\t\t<div class=\"elementor-widget-wrap elementor-element-populated\">\n\t\t\t\t\t\t\t\t<div class=\"elementor-element elementor-element-19a7e03 elementor-widget elementor-widget-heading\" data-id=\"19a7e03\" data-element_type=\"widget\" data-widget_type=\"heading.default\">\n\t\t\t\t<div class=\"elementor-widget-container\">\n\t\t\t<style>\/*! elementor - v3.12.1 - 02-04-2023 *\/\n.elementor-heading-title{padding:0;margin:0;line-height:1}.elementor-widget-heading .elementor-heading-title[class*=elementor-size-]>a{color:inherit;font-size:inherit;line-height:inherit}.elementor-widget-heading .elementor-heading-title.elementor-size-small{font-size:15px}.elementor-widget-heading .elementor-heading-title.elementor-size-medium{font-size:19px}.elementor-widget-heading .elementor-heading-title.elementor-size-large{font-size:29px}.elementor-widget-heading .elementor-heading-title.elementor-size-xl{font-size:39px}.elementor-widget-heading .elementor-heading-title.elementor-size-xxl{font-size:59px}<\/style><h2 class=\"elementor-heading-title elementor-size-default\">La historia se desarrolla...<\/h2>\t\t<\/div>\n\t\t\t\t<\/div>\n\t\t\t\t<div class=\"elementor-element elementor-element-e5ccbfd elementor-widget elementor-widget-text-editor\" data-id=\"e5ccbfd\" data-element_type=\"widget\" data-widget_type=\"text-editor.default\">\n\t\t\t\t<div class=\"elementor-widget-container\">\n\t\t\t<style>\/*! elementor - v3.12.1 - 02-04-2023 *\/\n.elementor-widget-text-editor.elementor-drop-cap-view-stacked .elementor-drop-cap{background-color:#69727d;color:#fff}.elementor-widget-text-editor.elementor-drop-cap-view-framed .elementor-drop-cap{color:#69727d;border:3px solid;background-color:transparent}.elementor-widget-text-editor:not(.elementor-drop-cap-view-default) .elementor-drop-cap{margin-top:8px}.elementor-widget-text-editor:not(.elementor-drop-cap-view-default) .elementor-drop-cap-letter{width:1em;height:1em}.elementor-widget-text-editor .elementor-drop-cap{float:left;text-align:center;line-height:1;font-size:50px}.elementor-widget-text-editor .elementor-drop-cap-letter{display:inline-block}<\/style>\t\t\t\t<p>Examinas la ventana de visualizaci\u00f3n que hab\u00eda sido tan \u00fatil antes, y notas m\u00e1s art\u00edculos de peri\u00f3dicos que mencionan Keezel, College of Philomath, m\u00e1s incendios e incluso una referencia a Mt Union que estaba en ese mapa...<\/p>\t\t\t\t\t\t<\/div>\n\t\t\t\t<\/div>\n\t\t\t\t<div class=\"elementor-element elementor-element-a90f27e elementor-widget elementor-widget-image-gallery\" data-id=\"a90f27e\" data-element_type=\"widget\" data-widget_type=\"image-gallery.default\">\n\t\t\t\t<div class=\"elementor-widget-container\">\n\t\t\t<style>\/*! elementor - v3.12.1 - 02-04-2023 *\/\n.elementor-image-gallery .gallery-item{display:inline-block;text-align:center;vertical-align:top;width:100%;max-width:100%;margin:0 auto}.elementor-image-gallery .gallery-item img{margin:0 auto}.elementor-image-gallery .gallery-item .gallery-caption{margin:0}.elementor-image-gallery figure img{display:block}.elementor-image-gallery figure figcaption{width:100%}.gallery-spacing-custom .elementor-image-gallery .gallery-icon{padding:0}@media (min-width:768px){.elementor-image-gallery .gallery-columns-2 .gallery-item{max-width:50%}.elementor-image-gallery .gallery-columns-3 .gallery-item{max-width:33.33%}.elementor-image-gallery .gallery-columns-4 .gallery-item{max-width:25%}.elementor-image-gallery .gallery-columns-5 .gallery-item{max-width:20%}.elementor-image-gallery .gallery-columns-6 .gallery-item{max-width:16.666%}.elementor-image-gallery .gallery-columns-7 .gallery-item{max-width:14.28%}.elementor-image-gallery .gallery-columns-8 .gallery-item{max-width:12.5%}.elementor-image-gallery .gallery-columns-9 .gallery-item{max-width:11.11%}.elementor-image-gallery .gallery-columns-10 .gallery-item{max-width:10%}}@media (min-width:480px) and (max-width:767px){.elementor-image-gallery .gallery.gallery-columns-2 .gallery-item,.elementor-image-gallery .gallery.gallery-columns-3 .gallery-item,.elementor-image-gallery .gallery.gallery-columns-4 .gallery-item,.elementor-image-gallery .gallery.gallery-columns-5 .gallery-item,.elementor-image-gallery .gallery.gallery-columns-6 .gallery-item,.elementor-image-gallery .gallery.gallery-columns-7 .gallery-item,.elementor-image-gallery .gallery.gallery-columns-8 .gallery-item,.elementor-image-gallery .gallery.gallery-columns-9 .gallery-item,.elementor-image-gallery .gallery.gallery-columns-10 .gallery-item{max-width:50%}}@media (max-width:479px){.elementor-image-gallery .gallery.gallery-columns-2 .gallery-item,.elementor-image-gallery .gallery.gallery-columns-3 .gallery-item,.elementor-image-gallery .gallery.gallery-columns-4 .gallery-item,.elementor-image-gallery .gallery.gallery-columns-5 .gallery-item,.elementor-image-gallery .gallery.gallery-columns-6 .gallery-item,.elementor-image-gallery .gallery.gallery-columns-7 .gallery-item,.elementor-image-gallery .gallery.gallery-columns-8 .gallery-item,.elementor-image-gallery .gallery.gallery-columns-9 .gallery-item,.elementor-image-gallery .gallery.gallery-columns-10 .gallery-item{max-width:100%}}<\/style>\t\t<div class=\"elementor-image-gallery\">\n\t\t\t<div id='gallery-1' class='gallery galleryid-3851 gallery-columns-4 gallery-size-thumbnail'><figure class='gallery-item'>\n\t\t\t<div class='gallery-icon portrait'>\n\t\t\t\t<a data-elementor-open-lightbox=\"yes\" data-elementor-lightbox-slideshow=\"a90f27e\" data-elementor-lightbox-title=\"Burned-Down-GT-31-Oct-05\" data-e-action-hash=\"#elementor-action%3Aaction%3Dlightbox%26settings%3DeyJpZCI6Mzg2NywidXJsIjoiaHR0cHM6XC9cL3NwZWN0cmVzLmNvbnVuZHJ1bWhvdXNlLmNvbVwvd3AtY29udGVudFwvdXBsb2Fkc1wvMjAyMlwvMDVcL0J1cm5lZC1Eb3duLUdULTMxLU9jdC0wNS5qcGciLCJzbGlkZXNob3ciOiJhOTBmMjdlIn0%3D\" href='https:\/\/spectres.conundrumhouse.com\/wp-content\/uploads\/2022\/05\/Burned-Down-GT-31-Oct-05.jpg'><img width=\"150\" height=\"150\" src=\"https:\/\/spectres.conundrumhouse.com\/wp-content\/uploads\/2022\/05\/Burned-Down-GT-31-Oct-05-150x150.jpg\" class=\"attachment-thumbnail size-thumbnail\" alt=\"\" decoding=\"async\" loading=\"lazy\" aria-describedby=\"gallery-1-3867\" \/><\/a>\n\t\t\t<\/div>\n\t\t\t\t<figcaption class='wp-caption-text gallery-caption' id='gallery-1-3867'>\n\t\t\t\tOct-31-05 Quemado hasta los cimientos\n\t\t\t\t<\/figcaption><\/figure><figure class='gallery-item'>\n\t\t\t<div class='gallery-icon portrait'>\n\t\t\t\t<a data-elementor-open-lightbox=\"yes\" data-elementor-lightbox-slideshow=\"a90f27e\" data-elementor-lightbox-title=\"Almost -Burned-GT-08-Nov-1904\" data-e-action-hash=\"#elementor-action%3Aaction%3Dlightbox%26settings%3DeyJpZCI6Mzg2OCwidXJsIjoiaHR0cHM6XC9cL3NwZWN0cmVzLmNvbnVuZHJ1bWhvdXNlLmNvbVwvd3AtY29udGVudFwvdXBsb2Fkc1wvMjAyMlwvMDVcL0FsbW9zdC1CdXJuZWQtR1QtMDgtTm92LTE5MDQuanBnIiwic2xpZGVzaG93IjoiYTkwZjI3ZSJ9\" href='https:\/\/spectres.conundrumhouse.com\/wp-content\/uploads\/2022\/05\/Almost-Burned-GT-08-Nov-1904.jpg'><img width=\"150\" height=\"150\" src=\"https:\/\/spectres.conundrumhouse.com\/wp-content\/uploads\/2022\/05\/Almost-Burned-GT-08-Nov-1904-150x150.jpg\" class=\"attachment-thumbnail size-thumbnail\" alt=\"\" decoding=\"async\" loading=\"lazy\" aria-describedby=\"gallery-1-3868\" \/><\/a>\n\t\t\t<\/div>\n\t\t\t\t<figcaption class='wp-caption-text gallery-caption' id='gallery-1-3868'>\n\t\t\t\t08-11-04 Casi quemado\n\t\t\t\t<\/figcaption><\/figure><figure class='gallery-item'>\n\t\t\t<div class='gallery-icon portrait'>\n\t\t\t\t<a data-elementor-open-lightbox=\"yes\" data-elementor-lightbox-slideshow=\"a90f27e\" data-elementor-lightbox-title=\"BarclayHallInauguration--GT-29-Sept-1909\" data-e-action-hash=\"#elementor-action%3Aaction%3Dlightbox%26settings%3DeyJpZCI6Mzg3MCwidXJsIjoiaHR0cHM6XC9cL3NwZWN0cmVzLmNvbnVuZHJ1bWhvdXNlLmNvbVwvd3AtY29udGVudFwvdXBsb2Fkc1wvMjAyMlwvMDVcL0JhcmNsYXlIYWxsSW5hdWd1cmF0aW9uLUdULTI5LVNlcHQtMTkwOS5qcGciLCJzbGlkZXNob3ciOiJhOTBmMjdlIn0%3D\" href='https:\/\/spectres.conundrumhouse.com\/wp-content\/uploads\/2022\/05\/BarclayHallInauguration-GT-29-Sept-1909.jpg'><img width=\"150\" height=\"150\" src=\"https:\/\/spectres.conundrumhouse.com\/wp-content\/uploads\/2022\/05\/BarclayHallInauguration-GT-29-Sept-1909-150x150.jpg\" class=\"attachment-thumbnail size-thumbnail\" alt=\"\" decoding=\"async\" loading=\"lazy\" aria-describedby=\"gallery-1-3870\" \/><\/a>\n\t\t\t<\/div>\n\t\t\t\t<figcaption class='wp-caption-text gallery-caption' id='gallery-1-3870'>\n\t\t\t\t29 de septiembre de 2009: Inauguraci\u00f3n de Barkley Hall\n\t\t\t\t<\/figcaption><\/figure><figure class='gallery-item'>\n\t\t\t<div class='gallery-icon portrait'>\n\t\t\t\t<a data-elementor-open-lightbox=\"yes\" data-elementor-lightbox-slideshow=\"a90f27e\" data-elementor-lightbox-title=\"Burned-Down-ODJ-31-Oct-05\" data-e-action-hash=\"#elementor-action%3Aaction%3Dlightbox%26settings%3DeyJpZCI6Mzg2OSwidXJsIjoiaHR0cHM6XC9cL3NwZWN0cmVzLmNvbnVuZHJ1bWhvdXNlLmNvbVwvd3AtY29udGVudFwvdXBsb2Fkc1wvMjAyMlwvMDVcL0J1cm5lZC1Eb3duLU9ESi0zMS1PY3QtMDUuanBnIiwic2xpZGVzaG93IjoiYTkwZjI3ZSJ9\" href='https:\/\/spectres.conundrumhouse.com\/wp-content\/uploads\/2022\/05\/Burned-Down-ODJ-31-Oct-05.jpg'><img width=\"150\" height=\"150\" src=\"https:\/\/spectres.conundrumhouse.com\/wp-content\/uploads\/2022\/05\/Burned-Down-ODJ-31-Oct-05-150x150.jpg\" class=\"attachment-thumbnail size-thumbnail\" alt=\"\" decoding=\"async\" loading=\"lazy\" aria-describedby=\"gallery-1-3869\" \/><\/a>\n\t\t\t<\/div>\n\t\t\t\t<figcaption class='wp-caption-text gallery-caption' id='gallery-1-3869'>\n\t\t\t\t31-11-05-Colegio Radical de Philomath Quemado\n\t\t\t\t<\/figcaption><\/figure><figure class='gallery-item'>\n\t\t\t<div class='gallery-icon portrait'>\n\t\t\t\t<a data-elementor-open-lightbox=\"yes\" data-elementor-lightbox-slideshow=\"a90f27e\" data-elementor-lightbox-title=\"UnitedBretherenAboutCollege-CG-24-Jul-1906\" data-e-action-hash=\"#elementor-action%3Aaction%3Dlightbox%26settings%3DeyJpZCI6Mzg4MCwidXJsIjoiaHR0cHM6XC9cL3NwZWN0cmVzLmNvbnVuZHJ1bWhvdXNlLmNvbVwvd3AtY29udGVudFwvdXBsb2Fkc1wvMjAyMlwvMDVcL1VuaXRlZEJyZXRoZXJlbkFib3V0Q29sbGVnZS1DRy0yNC1KdWwtMTkwNi5qcGciLCJzbGlkZXNob3ciOiJhOTBmMjdlIn0%3D\" href='https:\/\/spectres.conundrumhouse.com\/wp-content\/uploads\/2022\/05\/UnitedBretherenAboutCollege-CG-24-Jul-1906.jpg'><img width=\"150\" height=\"150\" src=\"https:\/\/spectres.conundrumhouse.com\/wp-content\/uploads\/2022\/05\/UnitedBretherenAboutCollege-CG-24-Jul-1906-150x150.jpg\" class=\"attachment-thumbnail size-thumbnail\" alt=\"\" decoding=\"async\" loading=\"lazy\" aria-describedby=\"gallery-1-3880\" \/><\/a>\n\t\t\t<\/div>\n\t\t\t\t<figcaption class='wp-caption-text gallery-caption' id='gallery-1-3880'>\n\t\t\t\tJul-24-06 Hermanos Todav\u00eda en ello\n\t\t\t\t<\/figcaption><\/figure><figure class='gallery-item'>\n\t\t\t<div class='gallery-icon portrait'>\n\t\t\t\t<a data-elementor-open-lightbox=\"yes\" data-elementor-lightbox-slideshow=\"a90f27e\" data-elementor-lightbox-title=\"Statesman announces J death\" data-e-action-hash=\"#elementor-action%3Aaction%3Dlightbox%26settings%3DeyJpZCI6Mzg3OSwidXJsIjoiaHR0cHM6XC9cL3NwZWN0cmVzLmNvbnVuZHJ1bWhvdXNlLmNvbVwvd3AtY29udGVudFwvdXBsb2Fkc1wvMjAyMlwvMDVcL1N0YXRlc21hbi1hbm5vdW5jZXMtSi1kZWF0aC5qcGciLCJzbGlkZXNob3ciOiJhOTBmMjdlIn0%3D\" href='https:\/\/spectres.conundrumhouse.com\/wp-content\/uploads\/2022\/05\/Statesman-announces-J-death.jpg'><img width=\"150\" height=\"150\" src=\"https:\/\/spectres.conundrumhouse.com\/wp-content\/uploads\/2022\/05\/Statesman-announces-J-death-150x150.jpg\" class=\"attachment-thumbnail size-thumbnail\" alt=\"\" decoding=\"async\" loading=\"lazy\" aria-describedby=\"gallery-1-3879\" \/><\/a>\n\t\t\t<\/div>\n\t\t\t\t<figcaption class='wp-caption-text gallery-caption' id='gallery-1-3879'>\n\t\t\t\tAviso de muerte\n\t\t\t\t<\/figcaption><\/figure><figure class='gallery-item'>\n\t\t\t<div class='gallery-icon portrait'>\n\t\t\t\t<a data-elementor-open-lightbox=\"yes\" data-elementor-lightbox-slideshow=\"a90f27e\" data-elementor-lightbox-title=\"Interview-MaryJaneShipely-OSM-10-Feb-1924\" data-e-action-hash=\"#elementor-action%3Aaction%3Dlightbox%26settings%3DeyJpZCI6Mzg3NywidXJsIjoiaHR0cHM6XC9cL3NwZWN0cmVzLmNvbnVuZHJ1bWhvdXNlLmNvbVwvd3AtY29udGVudFwvdXBsb2Fkc1wvMjAyMlwvMDVcL0ludGVydmlldy1NYXJ5SmFuZVNoaXBlbHktT1NNLTEwLUZlYi0xOTI0LmpwZyIsInNsaWRlc2hvdyI6ImE5MGYyN2UifQ%3D%3D\" href='https:\/\/spectres.conundrumhouse.com\/wp-content\/uploads\/2022\/05\/Interview-MaryJaneShipely-OSM-10-Feb-1924.jpg'><img width=\"150\" height=\"150\" src=\"https:\/\/spectres.conundrumhouse.com\/wp-content\/uploads\/2022\/05\/Interview-MaryJaneShipely-OSM-10-Feb-1924-150x150.jpg\" class=\"attachment-thumbnail size-thumbnail\" alt=\"\" decoding=\"async\" loading=\"lazy\" aria-describedby=\"gallery-1-3877\" \/><\/a>\n\t\t\t<\/div>\n\t\t\t\t<figcaption class='wp-caption-text gallery-caption' id='gallery-1-3877'>\n\t\t\t\tEsclavitud en Oreg\u00f3n\n\t\t\t\t<\/figcaption><\/figure><figure class='gallery-item'>\n\t\t\t<div class='gallery-icon landscape'>\n\t\t\t\t<a data-elementor-open-lightbox=\"yes\" data-elementor-lightbox-slideshow=\"a90f27e\" data-elementor-lightbox-title=\"Albany Democrat-Herald announces J death\" data-e-action-hash=\"#elementor-action%3Aaction%3Dlightbox%26settings%3DeyJpZCI6Mzg3NSwidXJsIjoiaHR0cHM6XC9cL3NwZWN0cmVzLmNvbnVuZHJ1bWhvdXNlLmNvbVwvd3AtY29udGVudFwvdXBsb2Fkc1wvMjAyMlwvMDVcL0FsYmFueS1EZW1vY3JhdC1IZXJhbGQtYW5ub3VuY2VzLUotZGVhdGguanBnIiwic2xpZGVzaG93IjoiYTkwZjI3ZSJ9\" href='https:\/\/spectres.conundrumhouse.com\/wp-content\/uploads\/2022\/05\/Albany-Democrat-Herald-announces-J-death.jpg'><img width=\"150\" height=\"150\" src=\"https:\/\/spectres.conundrumhouse.com\/wp-content\/uploads\/2022\/05\/Albany-Democrat-Herald-announces-J-death-150x150.jpg\" class=\"attachment-thumbnail size-thumbnail\" alt=\"\" decoding=\"async\" loading=\"lazy\" aria-describedby=\"gallery-1-3875\" \/><\/a>\n\t\t\t<\/div>\n\t\t\t\t<figcaption class='wp-caption-text gallery-caption' id='gallery-1-3875'>\n\t\t\t\tAviso de muerte\n\t\t\t\t<\/figcaption><\/figure>\n\t\t<\/div>\n\t\t<\/div>\n\t\t\t\t<\/div>\n\t\t\t\t<\/div>\n\t\t\t\t<div class=\"elementor-element elementor-element-b235ed2 elementor-widget elementor-widget-text-editor\" data-id=\"b235ed2\" data-element_type=\"widget\" data-widget_type=\"text-editor.default\">\n\t\t\t\t<div class=\"elementor-widget-container\">\n\t\t\t\t\t\t\t<p>Estudias los art\u00edculos y empiezas a suponer algunas de las pruebas y tribulaciones de la vida y muerte de James. Organice el siguiente esquema de la historia en el arco correcto de la conciencia p\u00f3stuma en expansi\u00f3n de este Espectro.<\/p>\t\t\t\t\t\t<\/div>\n\t\t\t\t<\/div>\n\t\t\t\t<div class=\"elementor-element elementor-element-a42f5b9 elementor-widget elementor-widget-html\" data-id=\"a42f5b9\" data-element_type=\"widget\" data-no-translation=\"\" data-widget_type=\"html.default\">\n\t\t\t\t<div class=\"elementor-widget-container\">\n\t\t\t<style>.elementor-element-a42f5b9{display:none !important}<\/style>\t\t<\/div>\n\t\t\t\t<\/div>\n\t\t\t\t\t<\/div>\n\t\t<\/div>\n\t\t\t\t\t\t\t<\/div>\n\t\t<\/section>\n\t\t\t\t<section class=\"elementor-section elementor-top-section elementor-element elementor-element-0b288c8 elementor-section-boxed elementor-section-height-default elementor-section-height-default\" data-id=\"0b288c8\" data-element_type=\"section\">\n\t\t\t\t\t\t<div class=\"elementor-container elementor-column-gap-default\">\n\t\t\t\t\t<div class=\"elementor-column elementor-col-100 elementor-top-column elementor-element elementor-element-a6b3d1b\" data-id=\"a6b3d1b\" data-element_type=\"column\">\n\t\t\t<div class=\"elementor-widget-wrap elementor-element-populated\">\n\t\t\t\t\t\t\t\t<section class=\"elementor-section elementor-inner-section elementor-element elementor-element-9c62ee6 elementor-section-boxed elementor-section-height-default elementor-section-height-default\" data-id=\"9c62ee6\" data-element_type=\"section\">\n\t\t\t\t\t\t<div class=\"elementor-container elementor-column-gap-default\">\n\t\t\t\t\t<div class=\"elementor-column elementor-col-33 elementor-inner-column elementor-element elementor-element-743d869\" data-id=\"743d869\" data-element_type=\"column\">\n\t\t\t<div class=\"elementor-widget-wrap\">\n\t\t\t\t\t\t\t\t\t<\/div>\n\t\t<\/div>\n\t\t\t\t<div class=\"elementor-column elementor-col-33 elementor-inner-column elementor-element elementor-element-ab985e8\" data-id=\"ab985e8\" data-element_type=\"column\">\n\t\t\t<div class=\"elementor-widget-wrap\">\n\t\t\t\t\t\t\t\t\t<\/div>\n\t\t<\/div>\n\t\t\t\t<div class=\"elementor-column elementor-col-33 elementor-inner-column elementor-element elementor-element-8dcc811\" data-id=\"8dcc811\" data-element_type=\"column\">\n\t\t\t<div class=\"elementor-widget-wrap elementor-element-populated\">\n\t\t\t\t\t\t\t\t<div class=\"elementor-element elementor-element-b5e3112 elementor-button-warning elementor-align-center animated-slow elementor-invisible elementor-widget elementor-widget-button\" data-id=\"b5e3112\" data-element_type=\"widget\" id=\"css_skip_1_1\" data-settings=\"{&quot;_animation&quot;:&quot;fadeIn&quot;,&quot;_animation_delay&quot;:30000}\" data-widget_type=\"button.default\">\n\t\t\t\t<div class=\"elementor-widget-container\">\n\t\t\t\t\t<div class=\"elementor-button-wrapper\">\n\t\t\t<a href=\"\/es\/puzzel-324704\/\" class=\"elementor-button-link elementor-button elementor-size-sm\" role=\"button\" id=\"skip_P_2_1\">\n\t\t\t\t\t\t<span class=\"elementor-button-content-wrapper\">\n\t\t\t\t\t\t<span class=\"elementor-button-text\">\u00bfDarse por vencido? Vaya a la Soluci\u00f3n ...<\/span>\n\t\t<\/span>\n\t\t\t\t\t<\/a>\n\t\t<\/div>\n\t\t\t\t<\/div>\n\t\t\t\t<\/div>\n\t\t\t\t\t<\/div>\n\t\t<\/div>\n\t\t\t\t\t\t\t<\/div>\n\t\t<\/section>\n\t\t\t\t\t<\/div>\n\t\t<\/div>\n\t\t\t\t\t\t\t<\/div>\n\t\t<\/section>\n\t\t\t\t\t\t\t<\/div>","protected":false},"excerpt":{"rendered":"<p>The story unfolds&#8230; You examine the display window that had been so helpful earlier, and you notice more newsparper articles mentioning Keezel, College of Philomath, more fires and even a reference to Mt Union that was on that map&#8230; Oct-31-05 Burned to the Ground 08-11-04 Almost Burned down Sept-29-09-Barkley Hall Inaugurated 11-31-05-Radical College of Philomath &#8230; <a title=\"S2 &#8211; Episode 2 -Serial Arson, but who\" class=\"read-more\" href=\"https:\/\/spectres.conundrumhouse.com\/es\/season2-game-overview\/s2-episode-2-philomath-reunion-committee\/s2-episode-2-committee-notes\/puzzel-471021\/\" aria-label=\"M\u00e1s en S2 &#8211; Episode 2 -Serial Arson, but who\">Leer m\u00e1s<\/a><\/p>","protected":false},"author":1,"featured_media":0,"parent":3834,"menu_order":1,"comment_status":"closed","ping_status":"closed","template":"","meta":[],"folder":[91],"acf":[],"_links":{"self":[{"href":"https:\/\/spectres.conundrumhouse.com\/es\/wp-json\/wp\/v2\/pages\/3851"}],"collection":[{"href":"https:\/\/spectres.conundrumhouse.com\/es\/wp-json\/wp\/v2\/pages"}],"about":[{"href":"https:\/\/spectres.conundrumhouse.com\/es\/wp-json\/wp\/v2\/types\/page"}],"author":[{"embeddable":true,"href":"https:\/\/spectres.conundrumhouse.com\/es\/wp-json\/wp\/v2\/users\/1"}],"replies":[{"embeddable":true,"href":"https:\/\/spectres.conundrumhouse.com\/es\/wp-json\/wp\/v2\/comments?post=3851"}],"version-history":[{"count":32,"href":"https:\/\/spectres.conundrumhouse.com\/es\/wp-json\/wp\/v2\/pages\/3851\/revisions"}],"predecessor-version":[{"id":3972,"href":"https:\/\/spectres.conundrumhouse.com\/es\/wp-json\/wp\/v2\/pages\/3851\/revisions\/3972"}],"up":[{"embeddable":true,"href":"https:\/\/spectres.conundrumhouse.com\/es\/wp-json\/wp\/v2\/pages\/3834"}],"wp:attachment":[{"href":"https:\/\/spectres.conundrumhouse.com\/es\/wp-json\/wp\/v2\/media?parent=3851"}],"wp:term":[{"taxonomy":"folder","embeddable":true,"href":"https:\/\/spectres.conundrumhouse.com\/es\/wp-json\/wp\/v2\/folder?post=3851"}],"curies":[{"name":"wp","href":"https:\/\/api.w.org\/{rel}","templated":true}]}}