                                                                                                                                                                                                                                                                                                                                                                                                                                                                                                                                                                                                                                                                                                                                                                                                                                                                                                                                                                                                                                                                                                                                                                                                                                                                                                                                                                                                                                                                                                                                                                                                                                                                                                                                                                                                                                                                                                                                                                                                                                                                                                                                                                                                                                                                                                                                                                                                                                                                                                                                                                                                                                                                                                        {"id":3715,"date":"2022-05-09T02:07:40","date_gmt":"2022-05-09T09:07:40","guid":{"rendered":"https:\/\/spectres.conundrumhouse.com\/?page_id=3715"},"modified":"2022-05-16T00:46:18","modified_gmt":"2022-05-16T07:46:18","slug":"s2-episode-1-challenge-2-done","status":"publish","type":"page","link":"https:\/\/spectres.conundrumhouse.com\/es\/season2-game-overview\/s2-episode-1-the-womens-lounge\/s2-episode-1-challenge-1\/s2-episode-1-challenge-2\/s2-episode-1-challenge-2-done\/","title":{"rendered":"Se revela el sal\u00f3n de mujeres"},"content":{"rendered":"<div data-elementor-type=\"wp-page\" data-elementor-id=\"3715\" class=\"elementor elementor-3715\">\n\t\t\t\t\t\t\t\t\t<section class=\"elementor-section elementor-top-section elementor-element elementor-element-8c8f4c3 elementor-section-boxed elementor-section-height-default elementor-section-height-default\" data-id=\"8c8f4c3\" data-element_type=\"section\">\n\t\t\t\t\t\t<div class=\"elementor-container elementor-column-gap-default\">\n\t\t\t\t\t<div class=\"elementor-column elementor-col-100 elementor-top-column elementor-element elementor-element-a99251b\" data-id=\"a99251b\" data-element_type=\"column\">\n\t\t\t<div class=\"elementor-widget-wrap elementor-element-populated\">\n\t\t\t\t\t\t\t\t<div class=\"elementor-element elementor-element-0ab7a18 elementor-widget elementor-widget-heading\" data-id=\"0ab7a18\" data-element_type=\"widget\" data-widget_type=\"heading.default\">\n\t\t\t\t<div class=\"elementor-widget-container\">\n\t\t\t<style>\/*! elementor - v3.12.1 - 02-04-2023 *\/\n.elementor-heading-title{padding:0;margin:0;line-height:1}.elementor-widget-heading .elementor-heading-title[class*=elementor-size-]>a{color:inherit;font-size:inherit;line-height:inherit}.elementor-widget-heading .elementor-heading-title.elementor-size-small{font-size:15px}.elementor-widget-heading .elementor-heading-title.elementor-size-medium{font-size:19px}.elementor-widget-heading .elementor-heading-title.elementor-size-large{font-size:29px}.elementor-widget-heading .elementor-heading-title.elementor-size-xl{font-size:39px}.elementor-widget-heading .elementor-heading-title.elementor-size-xxl{font-size:59px}<\/style><h2 class=\"elementor-heading-title elementor-size-default\">\u00a1Ah, as\u00ed que ah\u00ed es donde est\u00e1 el Sal\u00f3n de Escritura de Mujeres!<\/h2>\t\t<\/div>\n\t\t\t\t<\/div>\n\t\t\t\t<div class=\"elementor-element elementor-element-6c1048c elementor-widget elementor-widget-image\" data-id=\"6c1048c\" data-element_type=\"widget\" data-widget_type=\"image.default\">\n\t\t\t\t<div class=\"elementor-widget-container\">\n\t\t\t<style>\/*! elementor - v3.12.1 - 02-04-2023 *\/\n.elementor-widget-image{text-align:center}.elementor-widget-image a{display:inline-block}.elementor-widget-image a img[src$=\".svg\"]{width:48px}.elementor-widget-image img{vertical-align:middle;display:inline-block}<\/style>\t\t\t\t\t\t\t\t\t\t\t\t<img decoding=\"async\" width=\"1024\" height=\"850\" src=\"https:\/\/spectres.conundrumhouse.com\/wp-content\/uploads\/2022\/05\/WhitesideMezzanine-1024x850.png\" class=\"attachment-large size-large wp-image-3584\" alt=\"\" loading=\"lazy\" srcset=\"https:\/\/spectres.conundrumhouse.com\/wp-content\/uploads\/2022\/05\/WhitesideMezzanine-1024x850.png 1024w, https:\/\/spectres.conundrumhouse.com\/wp-content\/uploads\/2022\/05\/WhitesideMezzanine-300x249.png 300w, https:\/\/spectres.conundrumhouse.com\/wp-content\/uploads\/2022\/05\/WhitesideMezzanine-768x638.png 768w, https:\/\/spectres.conundrumhouse.com\/wp-content\/uploads\/2022\/05\/WhitesideMezzanine-14x12.png 14w, https:\/\/spectres.conundrumhouse.com\/wp-content\/uploads\/2022\/05\/WhitesideMezzanine.png 1443w\" sizes=\"(max-width: 1024px) 100vw, 1024px\" \/>\t\t\t\t\t\t\t\t\t\t\t\t\t\t\t<\/div>\n\t\t\t\t<\/div>\n\t\t\t\t\t<\/div>\n\t\t<\/div>\n\t\t\t\t\t\t\t<\/div>\n\t\t<\/section>\n\t\t\t\t<section class=\"elementor-section elementor-top-section elementor-element elementor-element-c5ac562 elementor-section-boxed elementor-section-height-default elementor-section-height-default\" data-id=\"c5ac562\" data-element_type=\"section\">\n\t\t\t\t\t\t<div class=\"elementor-container elementor-column-gap-default\">\n\t\t\t\t\t<div class=\"elementor-column elementor-col-100 elementor-top-column elementor-element elementor-element-4c5c4eb\" data-id=\"4c5c4eb\" data-element_type=\"column\">\n\t\t\t<div class=\"elementor-widget-wrap elementor-element-populated\">\n\t\t\t\t\t\t\t\t<div class=\"elementor-element elementor-element-c43f4e9 elementor-widget elementor-widget-text-editor\" data-id=\"c43f4e9\" data-element_type=\"widget\" data-widget_type=\"text-editor.default\">\n\t\t\t\t<div class=\"elementor-widget-container\">\n\t\t\t<style>\/*! elementor - v3.12.1 - 02-04-2023 *\/\n.elementor-widget-text-editor.elementor-drop-cap-view-stacked .elementor-drop-cap{background-color:#69727d;color:#fff}.elementor-widget-text-editor.elementor-drop-cap-view-framed .elementor-drop-cap{color:#69727d;border:3px solid;background-color:transparent}.elementor-widget-text-editor:not(.elementor-drop-cap-view-default) .elementor-drop-cap{margin-top:8px}.elementor-widget-text-editor:not(.elementor-drop-cap-view-default) .elementor-drop-cap-letter{width:1em;height:1em}.elementor-widget-text-editor .elementor-drop-cap{float:left;text-align:center;line-height:1;font-size:50px}.elementor-widget-text-editor .elementor-drop-cap-letter{display:inline-block}<\/style>\t\t\t\t<p>\u00bfQu\u00e9 estaban haciendo en realidad esas dos mujeres? La matin\u00e9 ya estaba en pleno apogeo cuando comenz\u00f3 el incendio. \u00bfQu\u00e9 era tan fascinante que los diversos gritos de alarma y la actividad del departamento de bomberos del otro lado de la calle pasaron desapercibidos? Mientras estas preguntas revolotean en tu mente, algunos trozos de papel caen al suelo y los agarras; no hay necesidad de dejar que la basura estropee este paisaje urbano. Pero, \u00bfqu\u00e9 son ahora?<\/p>\t\t\t\t\t\t<\/div>\n\t\t\t\t<\/div>\n\t\t\t\t\t<\/div>\n\t\t<\/div>\n\t\t\t\t\t\t\t<\/div>\n\t\t<\/section>\n\t\t\t\t<section class=\"elementor-section elementor-top-section elementor-element elementor-element-fc4709b elementor-section-boxed elementor-section-height-default elementor-section-height-default\" data-id=\"fc4709b\" data-element_type=\"section\">\n\t\t\t\t\t\t<div class=\"elementor-container elementor-column-gap-default\">\n\t\t\t\t\t<div class=\"elementor-column elementor-col-100 elementor-top-column elementor-element elementor-element-d5ec361\" data-id=\"d5ec361\" data-element_type=\"column\">\n\t\t\t<div class=\"elementor-widget-wrap elementor-element-populated\">\n\t\t\t\t\t\t\t\t<div class=\"elementor-element elementor-element-2d60b67 elementor-widget elementor-widget-image-gallery\" data-id=\"2d60b67\" data-element_type=\"widget\" data-widget_type=\"image-gallery.default\">\n\t\t\t\t<div class=\"elementor-widget-container\">\n\t\t\t<style>\/*! elementor - v3.12.1 - 02-04-2023 *\/\n.elementor-image-gallery .gallery-item{display:inline-block;text-align:center;vertical-align:top;width:100%;max-width:100%;margin:0 auto}.elementor-image-gallery .gallery-item img{margin:0 auto}.elementor-image-gallery .gallery-item .gallery-caption{margin:0}.elementor-image-gallery figure img{display:block}.elementor-image-gallery figure figcaption{width:100%}.gallery-spacing-custom .elementor-image-gallery .gallery-icon{padding:0}@media (min-width:768px){.elementor-image-gallery .gallery-columns-2 .gallery-item{max-width:50%}.elementor-image-gallery .gallery-columns-3 .gallery-item{max-width:33.33%}.elementor-image-gallery .gallery-columns-4 .gallery-item{max-width:25%}.elementor-image-gallery .gallery-columns-5 .gallery-item{max-width:20%}.elementor-image-gallery .gallery-columns-6 .gallery-item{max-width:16.666%}.elementor-image-gallery .gallery-columns-7 .gallery-item{max-width:14.28%}.elementor-image-gallery .gallery-columns-8 .gallery-item{max-width:12.5%}.elementor-image-gallery .gallery-columns-9 .gallery-item{max-width:11.11%}.elementor-image-gallery .gallery-columns-10 .gallery-item{max-width:10%}}@media (min-width:480px) and (max-width:767px){.elementor-image-gallery .gallery.gallery-columns-2 .gallery-item,.elementor-image-gallery .gallery.gallery-columns-3 .gallery-item,.elementor-image-gallery .gallery.gallery-columns-4 .gallery-item,.elementor-image-gallery .gallery.gallery-columns-5 .gallery-item,.elementor-image-gallery .gallery.gallery-columns-6 .gallery-item,.elementor-image-gallery .gallery.gallery-columns-7 .gallery-item,.elementor-image-gallery .gallery.gallery-columns-8 .gallery-item,.elementor-image-gallery .gallery.gallery-columns-9 .gallery-item,.elementor-image-gallery .gallery.gallery-columns-10 .gallery-item{max-width:50%}}@media (max-width:479px){.elementor-image-gallery .gallery.gallery-columns-2 .gallery-item,.elementor-image-gallery .gallery.gallery-columns-3 .gallery-item,.elementor-image-gallery .gallery.gallery-columns-4 .gallery-item,.elementor-image-gallery .gallery.gallery-columns-5 .gallery-item,.elementor-image-gallery .gallery.gallery-columns-6 .gallery-item,.elementor-image-gallery .gallery.gallery-columns-7 .gallery-item,.elementor-image-gallery .gallery.gallery-columns-8 .gallery-item,.elementor-image-gallery .gallery.gallery-columns-9 .gallery-item,.elementor-image-gallery .gallery.gallery-columns-10 .gallery-item{max-width:100%}}<\/style>\t\t<div class=\"elementor-image-gallery\">\n\t\t\t<div id='gallery-1' class='gallery galleryid-3715 gallery-columns-4 gallery-size-thumbnail'><figure class='gallery-item'>\n\t\t\t<div class='gallery-icon portrait'>\n\t\t\t\t<a data-elementor-open-lightbox=\"yes\" data-elementor-lightbox-slideshow=\"2d60b67\" data-elementor-lightbox-title=\"Student-Petition-small-103227\" data-e-action-hash=\"#elementor-action%3Aaction%3Dlightbox%26settings%3DeyJpZCI6Mzg0NiwidXJsIjoiaHR0cHM6XC9cL3NwZWN0cmVzLmNvbnVuZHJ1bWhvdXNlLmNvbVwvd3AtY29udGVudFwvdXBsb2Fkc1wvMjAyMlwvMDVcL1N0dWRlbnQtUGV0aXRpb24tc21hbGwtMTAzMjI3LmpwZyIsInNsaWRlc2hvdyI6IjJkNjBiNjcifQ%3D%3D\" href='https:\/\/spectres.conundrumhouse.com\/wp-content\/uploads\/2022\/05\/Student-Petition-small-103227.jpg'><img width=\"150\" height=\"150\" src=\"https:\/\/spectres.conundrumhouse.com\/wp-content\/uploads\/2022\/05\/Student-Petition-small-103227-150x150.jpg\" class=\"attachment-thumbnail size-thumbnail\" alt=\"\" decoding=\"async\" loading=\"lazy\" \/><\/a>\n\t\t\t<\/div><\/figure><figure class='gallery-item'>\n\t\t\t<div class='gallery-icon portrait'>\n\t\t\t\t<a data-elementor-open-lightbox=\"yes\" data-elementor-lightbox-slideshow=\"2d60b67\" data-elementor-lightbox-title=\"reunion-comittee-3-small\" data-e-action-hash=\"#elementor-action%3Aaction%3Dlightbox%26settings%3DeyJpZCI6Mzg0NSwidXJsIjoiaHR0cHM6XC9cL3NwZWN0cmVzLmNvbnVuZHJ1bWhvdXNlLmNvbVwvd3AtY29udGVudFwvdXBsb2Fkc1wvMjAyMlwvMDVcL3JldW5pb24tY29taXR0ZWUzMi1zbWFsbC5qcGciLCJzbGlkZXNob3ciOiIyZDYwYjY3In0%3D\" href='https:\/\/spectres.conundrumhouse.com\/wp-content\/uploads\/2022\/05\/reunion-comittee32-small.jpg'><img width=\"78\" height=\"150\" src=\"https:\/\/spectres.conundrumhouse.com\/wp-content\/uploads\/2022\/05\/reunion-comittee32-small-78x150.jpg\" class=\"attachment-thumbnail size-thumbnail\" alt=\"\" decoding=\"async\" loading=\"lazy\" \/><\/a>\n\t\t\t<\/div><\/figure><figure class='gallery-item'>\n\t\t\t<div class='gallery-icon portrait'>\n\t\t\t\t<a data-elementor-open-lightbox=\"yes\" data-elementor-lightbox-slideshow=\"2d60b67\" data-elementor-lightbox-title=\"reunion-comittee-2-small\" data-e-action-hash=\"#elementor-action%3Aaction%3Dlightbox%26settings%3DeyJpZCI6Mzg0NCwidXJsIjoiaHR0cHM6XC9cL3NwZWN0cmVzLmNvbnVuZHJ1bWhvdXNlLmNvbVwvd3AtY29udGVudFwvdXBsb2Fkc1wvMjAyMlwvMDVcL3JldW5pb24tY29taXR0ZWUtMi1zbWFsbC5qcGciLCJzbGlkZXNob3ciOiIyZDYwYjY3In0%3D\" href='https:\/\/spectres.conundrumhouse.com\/wp-content\/uploads\/2022\/05\/reunion-comittee-2-small.jpg'><img width=\"78\" height=\"150\" src=\"https:\/\/spectres.conundrumhouse.com\/wp-content\/uploads\/2022\/05\/reunion-comittee-2-small-78x150.jpg\" class=\"attachment-thumbnail size-thumbnail\" alt=\"\" decoding=\"async\" loading=\"lazy\" \/><\/a>\n\t\t\t<\/div><\/figure><figure class='gallery-item'>\n\t\t\t<div class='gallery-icon portrait'>\n\t\t\t\t<a data-elementor-open-lightbox=\"yes\" data-elementor-lightbox-slideshow=\"2d60b67\" data-elementor-lightbox-title=\"reunion-comittee-1-small\" data-e-action-hash=\"#elementor-action%3Aaction%3Dlightbox%26settings%3DeyJpZCI6Mzg0MywidXJsIjoiaHR0cHM6XC9cL3NwZWN0cmVzLmNvbnVuZHJ1bWhvdXNlLmNvbVwvd3AtY29udGVudFwvdXBsb2Fkc1wvMjAyMlwvMDVcL3JldW5pb24tY29taXR0ZWUtMS1zbWFsbC5qcGciLCJzbGlkZXNob3ciOiIyZDYwYjY3In0%3D\" href='https:\/\/spectres.conundrumhouse.com\/wp-content\/uploads\/2022\/05\/reunion-comittee-1-small.jpg'><img width=\"78\" height=\"150\" src=\"https:\/\/spectres.conundrumhouse.com\/wp-content\/uploads\/2022\/05\/reunion-comittee-1-small-78x150.jpg\" class=\"attachment-thumbnail size-thumbnail\" alt=\"\" decoding=\"async\" loading=\"lazy\" \/><\/a>\n\t\t\t<\/div><\/figure>\n\t\t<\/div>\n\t\t<\/div>\n\t\t\t\t<\/div>\n\t\t\t\t<\/div>\n\t\t\t\t<div class=\"elementor-element elementor-element-05b1725 elementor-widget elementor-widget-text-editor\" data-id=\"05b1725\" data-element_type=\"widget\" data-widget_type=\"text-editor.default\">\n\t\t\t\t<div class=\"elementor-widget-container\">\n\t\t\t\t\t\t\t<p>Parece que solo son algunas notas sobre reuniones de comit\u00e9s y una petici\u00f3n de 1890. \u00bfPodr\u00eda ser que las damas estuvieran ocupadas con esto? \u00bfQuiz\u00e1s se demoraron para asegurarse de que estos papeles estuvieran seguros? Guardas los borradores y te concentras en la hoja m\u00e1s grande.\u00a0<\/p><p>El \u00faltimo trozo de papel resulta ser un mapa de la zona (de la d\u00e9cada de 1920, al parecer).<\/p>\t\t\t\t\t\t<\/div>\n\t\t\t\t<\/div>\n\t\t\t\t\t<\/div>\n\t\t<\/div>\n\t\t\t\t\t\t\t<\/div>\n\t\t<\/section>\n\t\t\t\t<section class=\"elementor-section elementor-top-section elementor-element elementor-element-4424cd98 elementor-section-boxed elementor-section-height-default elementor-section-height-default\" data-id=\"4424cd98\" data-element_type=\"section\">\n\t\t\t\t\t\t<div class=\"elementor-container elementor-column-gap-default\">\n\t\t\t\t\t<div class=\"elementor-column elementor-col-100 elementor-top-column elementor-element elementor-element-679f5d35\" data-id=\"679f5d35\" data-element_type=\"column\">\n\t\t\t<div class=\"elementor-widget-wrap elementor-element-populated\">\n\t\t\t\t\t\t\t\t<div class=\"elementor-element elementor-element-0f1b1e9 elementor-widget elementor-widget-html\" data-id=\"0f1b1e9\" data-element_type=\"widget\" data-widget_type=\"html.default\">\n\t\t\t\t<div class=\"elementor-widget-container\">\n\t\t\t<div><iframe src='https:\/\/puzzel.org\/en\/label-this\/embed?p=-N1_Mr1IxC3e6GNZLeNG' width='100%' height='450' frameborder='0'><\/iframe><\/div>\t\t<\/div>\n\t\t\t\t<\/div>\n\t\t\t\t<div class=\"elementor-element elementor-element-413f8165 elementor-button-warning elementor-align-right animated-slow elementor-invisible elementor-widget elementor-widget-button\" data-id=\"413f8165\" data-element_type=\"widget\" id=\"css_skip_1_1\" data-settings=\"{&quot;_animation&quot;:&quot;fadeIn&quot;,&quot;_animation_delay&quot;:30000}\" data-widget_type=\"button.default\">\n\t\t\t\t<div class=\"elementor-widget-container\">\n\t\t\t\t\t<div class=\"elementor-button-wrapper\">\n\t\t\t<a href=\"\/es\/s2-episode-1-challenge-3\/\" class=\"elementor-button-link elementor-button elementor-size-sm\" role=\"button\" id=\"skip_3-3\">\n\t\t\t\t\t\t<span class=\"elementor-button-content-wrapper\">\n\t\t\t\t\t\t<span class=\"elementor-button-text\">\u00bfAbandonar? Pasa al siguiente desaf\u00edo...<\/span>\n\t\t<\/span>\n\t\t\t\t\t<\/a>\n\t\t<\/div>\n\t\t\t\t<\/div>\n\t\t\t\t<\/div>\n\t\t\t\t\t<\/div>\n\t\t<\/div>\n\t\t\t\t\t\t\t<\/div>\n\t\t<\/section>\n\t\t\t\t\t\t\t<\/div>","protected":false},"excerpt":{"rendered":"<p>Ah, so that&#8217;s where the Women&#8217;s Writing Lounge is! What were those two ladies actually up to? The matinee was well on its way when the blaze started. What was so engrossing that the various shouts of alarm and activity from the fire department across the way would be ignored?\u00a0 As these questions flit across &#8230; <a title=\"The Women&#8217;s Lounge Revealed\" class=\"read-more\" href=\"https:\/\/spectres.conundrumhouse.com\/es\/season2-game-overview\/s2-episode-1-the-womens-lounge\/s2-episode-1-challenge-1\/s2-episode-1-challenge-2\/s2-episode-1-challenge-2-done\/\" aria-label=\"M\u00e1s en The Women&#8217;s Lounge Revealed\">Leer m\u00e1s<\/a><\/p>","protected":false},"author":1,"featured_media":0,"parent":3574,"menu_order":0,"comment_status":"closed","ping_status":"closed","template":"","meta":[],"folder":[90],"acf":[],"_links":{"self":[{"href":"https:\/\/spectres.conundrumhouse.com\/es\/wp-json\/wp\/v2\/pages\/3715"}],"collection":[{"href":"https:\/\/spectres.conundrumhouse.com\/es\/wp-json\/wp\/v2\/pages"}],"about":[{"href":"https:\/\/spectres.conundrumhouse.com\/es\/wp-json\/wp\/v2\/types\/page"}],"author":[{"embeddable":true,"href":"https:\/\/spectres.conundrumhouse.com\/es\/wp-json\/wp\/v2\/users\/1"}],"replies":[{"embeddable":true,"href":"https:\/\/spectres.conundrumhouse.com\/es\/wp-json\/wp\/v2\/comments?post=3715"}],"version-history":[{"count":27,"href":"https:\/\/spectres.conundrumhouse.com\/es\/wp-json\/wp\/v2\/pages\/3715\/revisions"}],"predecessor-version":[{"id":3850,"href":"https:\/\/spectres.conundrumhouse.com\/es\/wp-json\/wp\/v2\/pages\/3715\/revisions\/3850"}],"up":[{"embeddable":true,"href":"https:\/\/spectres.conundrumhouse.com\/es\/wp-json\/wp\/v2\/pages\/3574"}],"wp:attachment":[{"href":"https:\/\/spectres.conundrumhouse.com\/es\/wp-json\/wp\/v2\/media?parent=3715"}],"wp:term":[{"taxonomy":"folder","embeddable":true,"href":"https:\/\/spectres.conundrumhouse.com\/es\/wp-json\/wp\/v2\/folder?post=3715"}],"curies":[{"name":"wp","href":"https:\/\/api.w.org\/{rel}","templated":true}]}}