                                                                                                                                                                                                                                                                                                                                                                                                                                                                                                                                                                                                                                                                                                                                                                                                                                                                                                                                                                                                                                                                                                                                                                                                                                                                                                                                                                                                                                                                                                                                                                                                                                                                                                                                                                                                                                                                                                                                                                                                                                                                                                                                                                                                                                                                                                                                                                                                                                                                                                                                                                                                                                                                                                        {"id":3069,"date":"2021-05-21T16:55:43","date_gmt":"2021-05-21T23:55:43","guid":{"rendered":"http:\/\/spectres.conundrumhouse.com\/?page_id=3069"},"modified":"2021-05-21T20:20:45","modified_gmt":"2021-05-22T03:20:45","slug":"granger-challenge-virtual","status":"publish","type":"page","link":"https:\/\/spectres.conundrumhouse.com\/es\/game-landing-page\/episode-four-granger-things\/granger-things-4-1\/granger-things-4-2\/granger-challenge-virtual\/","title":{"rendered":"Recorrido virtual de Granger"},"content":{"rendered":"<div data-elementor-type=\"wp-page\" data-elementor-id=\"3069\" class=\"elementor elementor-3069\">\n\t\t\t\t\t\t\t\t\t<section class=\"elementor-section elementor-top-section elementor-element elementor-element-45e08ad elementor-section-boxed elementor-section-height-default elementor-section-height-default\" data-id=\"45e08ad\" data-element_type=\"section\">\n\t\t\t\t\t\t<div class=\"elementor-container elementor-column-gap-default\">\n\t\t\t\t\t<div class=\"elementor-column elementor-col-100 elementor-top-column elementor-element elementor-element-8407a11\" data-id=\"8407a11\" data-element_type=\"column\">\n\t\t\t<div class=\"elementor-widget-wrap elementor-element-populated\">\n\t\t\t\t\t\t\t\t<div class=\"elementor-element elementor-element-3faac9f dc-has-condition dc-condition-greater elementor-nav-menu--dropdown-tablet elementor-nav-menu__text-align-aside elementor-nav-menu--toggle elementor-nav-menu--burger elementor-widget elementor-widget-global elementor-global-2208 elementor-widget-nav-menu\" data-id=\"3faac9f\" data-element_type=\"widget\" data-settings=\"{&quot;layout&quot;:&quot;horizontal&quot;,&quot;submenu_icon&quot;:{&quot;value&quot;:&quot;fas fa-caret-down&quot;,&quot;library&quot;:&quot;fa-solid&quot;},&quot;toggle&quot;:&quot;burger&quot;}\" data-widget_type=\"nav-menu.default\">\n\t\t\t\t<div class=\"elementor-widget-container\">\n\t\t\t<link rel=\"stylesheet\" href=\"https:\/\/spectres.conundrumhouse.com\/wp-content\/plugins\/elementor-pro\/assets\/css\/widget-nav-menu.min.css\">\t\t\t<nav class=\"elementor-nav-menu--main elementor-nav-menu__container elementor-nav-menu--layout-horizontal e--pointer-underline e--animation-fade\">\n\t\t\t\t<ul id=\"menu-1-3faac9f\" class=\"elementor-nav-menu\"><li class=\"menu-item menu-item-type-post_type menu-item-object-page menu-item-3455\"><a href=\"https:\/\/spectres.conundrumhouse.com\/es\/season2-game-overview\/\" class=\"elementor-item\">Descripci\u00f3n general del juego de la temporada 2<\/a><\/li>\n<\/ul>\t\t\t<\/nav>\n\t\t\t\t\t<div class=\"elementor-menu-toggle\" role=\"button\" tabindex=\"0\" aria-label=\"Alternar men\u00fa\" aria-expanded=\"false\">\n\t\t\t<svg aria-hidden=\"true\" role=\"presentation\" class=\"elementor-menu-toggle__icon--open e-font-icon-svg e-eicon-menu-bar\" viewbox=\"0 0 1000 1000\" xmlns=\"http:\/\/www.w3.org\/2000\/svg\"><path d=\"M104 333H896C929 333 958 304 958 271S929 208 896 208H104C71 208 42 237 42 271S71 333 104 333ZM104 583H896C929 583 958 554 958 521S929 458 896 458H104C71 458 42 487 42 521S71 583 104 583ZM104 833H896C929 833 958 804 958 771S929 708 896 708H104C71 708 42 737 42 771S71 833 104 833Z\"><\/path><\/svg><svg aria-hidden=\"true\" role=\"presentation\" class=\"elementor-menu-toggle__icon--close e-font-icon-svg e-eicon-close\" viewbox=\"0 0 1000 1000\" xmlns=\"http:\/\/www.w3.org\/2000\/svg\"><path d=\"M742 167L500 408 258 167C246 154 233 150 217 150 196 150 179 158 167 167 154 179 150 196 150 212 150 229 154 242 171 254L408 500 167 742C138 771 138 800 167 829 196 858 225 858 254 829L496 587 738 829C750 842 767 846 783 846 800 846 817 842 829 829 842 817 846 804 846 783 846 767 842 750 829 737L588 500 833 258C863 229 863 200 833 171 804 137 775 137 742 167Z\"><\/path><\/svg>\t\t\t<span class=\"elementor-screen-only\">Men\u00fa<\/span>\n\t\t<\/div>\n\t\t\t\t\t<nav class=\"elementor-nav-menu--dropdown elementor-nav-menu__container\" aria-hidden=\"true\">\n\t\t\t\t<ul id=\"menu-2-3faac9f\" class=\"elementor-nav-menu\"><li class=\"menu-item menu-item-type-post_type menu-item-object-page menu-item-3455\"><a href=\"https:\/\/spectres.conundrumhouse.com\/es\/season2-game-overview\/\" class=\"elementor-item\" tabindex=\"-1\">Descripci\u00f3n general del juego de la temporada 2<\/a><\/li>\n<\/ul>\t\t\t<\/nav>\n\t\t\t\t<\/div>\n\t\t\t\t<\/div>\n\t\t\t\t\t<\/div>\n\t\t<\/div>\n\t\t\t\t\t\t\t<\/div>\n\t\t<\/section>\n\t\t\t\t<section class=\"elementor-section elementor-top-section elementor-element elementor-element-e64fa45 elementor-section-boxed elementor-section-height-default elementor-section-height-default\" data-id=\"e64fa45\" data-element_type=\"section\">\n\t\t\t\t\t\t<div class=\"elementor-container elementor-column-gap-default\">\n\t\t\t\t\t<div class=\"elementor-column elementor-col-100 elementor-top-column elementor-element elementor-element-26143e3\" data-id=\"26143e3\" data-element_type=\"column\">\n\t\t\t<div class=\"elementor-widget-wrap elementor-element-populated\">\n\t\t\t\t\t\t\t\t<div class=\"elementor-element elementor-element-12cf25b elementor-widget elementor-widget-heading\" data-id=\"12cf25b\" data-element_type=\"widget\" data-widget_type=\"heading.default\">\n\t\t\t\t<div class=\"elementor-widget-container\">\n\t\t\t<style>\/*! elementor - v3.12.1 - 02-04-2023 *\/\n.elementor-heading-title{padding:0;margin:0;line-height:1}.elementor-widget-heading .elementor-heading-title[class*=elementor-size-]>a{color:inherit;font-size:inherit;line-height:inherit}.elementor-widget-heading .elementor-heading-title.elementor-size-small{font-size:15px}.elementor-widget-heading .elementor-heading-title.elementor-size-medium{font-size:19px}.elementor-widget-heading .elementor-heading-title.elementor-size-large{font-size:29px}.elementor-widget-heading .elementor-heading-title.elementor-size-xl{font-size:39px}.elementor-widget-heading .elementor-heading-title.elementor-size-xxl{font-size:59px}<\/style><h2 class=\"elementor-heading-title elementor-size-default\">Aqu\u00ed est\u00e1 el Grange hoy.<\/h2>\t\t<\/div>\n\t\t\t\t<\/div>\n\t\t\t\t<div class=\"elementor-element elementor-element-7bae581 elementor-widget elementor-widget-text-editor\" data-id=\"7bae581\" data-element_type=\"widget\" data-widget_type=\"text-editor.default\">\n\t\t\t\t<div class=\"elementor-widget-container\">\n\t\t\t<style>\/*! elementor - v3.12.1 - 02-04-2023 *\/\n.elementor-widget-text-editor.elementor-drop-cap-view-stacked .elementor-drop-cap{background-color:#69727d;color:#fff}.elementor-widget-text-editor.elementor-drop-cap-view-framed .elementor-drop-cap{color:#69727d;border:3px solid;background-color:transparent}.elementor-widget-text-editor:not(.elementor-drop-cap-view-default) .elementor-drop-cap{margin-top:8px}.elementor-widget-text-editor:not(.elementor-drop-cap-view-default) .elementor-drop-cap-letter{width:1em;height:1em}.elementor-widget-text-editor .elementor-drop-cap{float:left;text-align:center;line-height:1;font-size:50px}.elementor-widget-text-editor .elementor-drop-cap-letter{display:inline-block}<\/style>\t\t\t\t<p>Es posible hacer clic en algunos elementos para obtener primeros planos de esa \u00e1rea. \u00a1O puedes ir a explorar t\u00fa mismo!<\/p><p>Es posible que surjan algunos desaf\u00edos sobre asuntos relacionados con estos detalles.<\/p>\t\t\t\t\t\t<\/div>\n\t\t\t\t<\/div>\n\t\t\t\t<div class=\"elementor-element elementor-element-06819dc elementor-widget elementor-widget-image\" data-id=\"06819dc\" data-element_type=\"widget\" id=\"grange-view\" data-widget_type=\"image.default\">\n\t\t\t\t<div class=\"elementor-widget-container\">\n\t\t\t<style>\/*! elementor - v3.12.1 - 02-04-2023 *\/\n.elementor-widget-image{text-align:center}.elementor-widget-image a{display:inline-block}.elementor-widget-image a img[src$=\".svg\"]{width:48px}.elementor-widget-image img{vertical-align:middle;display:inline-block}<\/style>\t\t\t\t\t\t\t\t\t\t\t\t<img decoding=\"async\" width=\"1100\" height=\"506\" src=\"https:\/\/spectres.conundrumhouse.com\/wp-content\/uploads\/2021\/05\/IMG_8566-e1621650932678.jpg\" class=\"attachment-full size-full wp-image-3078\" alt=\"Street view of the Willamette Grange on Hwy 99W\" loading=\"lazy\" \/>\t\t\t\t\t\t\t\t\t\t\t\t\t\t\t<\/div>\n\t\t\t\t<\/div>\n\t\t\t\t\t<\/div>\n\t\t<\/div>\n\t\t\t\t\t\t\t<\/div>\n\t\t<\/section>\n\t\t\t\t<section class=\"elementor-section elementor-top-section elementor-element elementor-element-ac16782 elementor-section-boxed elementor-section-height-default elementor-section-height-default\" data-id=\"ac16782\" data-element_type=\"section\">\n\t\t\t\t\t\t<div class=\"elementor-container elementor-column-gap-default\">\n\t\t\t\t\t<div class=\"elementor-column elementor-col-100 elementor-top-column elementor-element elementor-element-51d0272\" data-id=\"51d0272\" data-element_type=\"column\">\n\t\t\t<div class=\"elementor-widget-wrap elementor-element-populated\">\n\t\t\t\t\t\t\t\t<div class=\"elementor-element elementor-element-f209ea1 elementor-widget elementor-widget-html\" data-id=\"f209ea1\" data-element_type=\"widget\" data-widget_type=\"html.default\">\n\t\t\t\t<div class=\"elementor-widget-container\">\n\t\t\t<!-- Image Map Generated by http:\/\/www.image-map.net\/ -->\r\n\r\n\r\n<map name=\"image-map\">\r\n    <area target=\"\" alt=\"bottom-right\" title=\"abajo a la derecha\" href=\"\" coords=\"1099,503\" shape=\"rect\">\r\n    <area target=\"\" alt=\"marquee\" title=\"marquesina\" href=\"https:\/\/spectres.conundrumhouse.com\/wp-content\/uploads\/2021\/05\/IMG_8563-e1621644159846.jpg\" coords=\"743,170,953,146,955,376,748,325\" shape=\"poly\">\r\n    <area target=\"\" alt=\"plaque\" title=\"placa\" href=\"https:\/\/spectres.conundrumhouse.com\/wp-content\/uploads\/2021\/05\/Grange01.png\" coords=\"139,221,108,189\" shape=\"rect\">\r\n    <area target=\"\" alt=\"banner\" title=\"bandera\" href=\"https:\/\/spectres.conundrumhouse.com\/wp-content\/uploads\/2021\/05\/IMG_8555-e1621644086747.jpg\" coords=\"175,189,242,220\" shape=\"rect\">\r\n    <area target=\"\" alt=\"restore\" title=\"restaurar\" href=\"https:\/\/spectres.conundrumhouse.com\/wp-content\/uploads\/2021\/05\/IMG_8559-e1621643995636.jpg\" coords=\"263,197,284,223\" shape=\"rect\">\r\n    <area target=\"\" alt=\"bees\" title=\"abejas\" href=\"https:\/\/spectres.conundrumhouse.com\/wp-content\/uploads\/2021\/05\/IMG_8558-e1621644041480.jpg\" coords=\"297,203,309,219\" shape=\"rect\">\r\n    <area target=\"\" alt=\"\" title=\"fondos\" href=\"https:\/\/spectres.conundrumhouse.com\/wp-content\/uploads\/2021\/05\/IMG_8557-e1621644768826.jpg\" coords=\"361,203,377,227\" shape=\"rect\">\r\n    <area target=\"\" alt=\"right-view\" title=\"visi\u00f3n correcta\" href=\"https:\/\/spectres.conundrumhouse.com\/wp-content\/uploads\/2021\/05\/IMG_8562.jpg\" coords=\"352,144,449,175\" shape=\"rect\">\r\n    <area target=\"\" alt=\"right-view-2\" title=\"visi\u00f3n correcta\" href=\"https:\/\/spectres.conundrumhouse.com\/wp-content\/uploads\/2021\/05\/IMG_8562.jpg\" coords=\"440,73,495,251\" shape=\"rect\">\r\n    <area target=\"\" alt=\"left-view\" title=\"vista izquierda\" href=\"https:\/\/spectres.conundrumhouse.com\/wp-content\/uploads\/2021\/05\/IMG_8552.jpg\" coords=\"54,261,106,59\" shape=\"rect\">\r\n<\/map>\r\n\t<script>\r\n\t\tdocument.querySelector(\"#grange-view  img:first-of-type\").setAttribute(\"usemap\",\"#image-map\")\r\n\t<\/script>\t\t<\/div>\n\t\t\t\t<\/div>\n\t\t\t\t\t<\/div>\n\t\t<\/div>\n\t\t\t\t\t\t\t<\/div>\n\t\t<\/section>\n\t\t\t\t<section class=\"elementor-section elementor-top-section elementor-element elementor-element-44f7390 elementor-section-boxed elementor-section-height-default elementor-section-height-default\" data-id=\"44f7390\" data-element_type=\"section\">\n\t\t\t\t\t\t<div class=\"elementor-container elementor-column-gap-default\">\n\t\t\t\t\t<div class=\"elementor-column elementor-col-100 elementor-top-column elementor-element elementor-element-9290c59\" data-id=\"9290c59\" data-element_type=\"column\">\n\t\t\t<div class=\"elementor-widget-wrap elementor-element-populated\">\n\t\t\t\t\t\t\t\t<div class=\"elementor-element elementor-element-567727e elementor-widget elementor-widget-html\" data-id=\"567727e\" data-element_type=\"widget\" data-widget_type=\"html.default\">\n\t\t\t\t<div class=\"elementor-widget-container\">\n\t\t\t<span><a href=\"javascript:history.back()\">Volver a la p\u00e1gina anterior<\/a><\/span>\n<span style=\"float:right; width:100px;\">\n<input type=\"button\" value=\"espalda\" onclick=\"history.back()\"\/><\/span>\t\t<\/div>\n\t\t\t\t<\/div>\n\t\t\t\t\t<\/div>\n\t\t<\/div>\n\t\t\t\t\t\t\t<\/div>\n\t\t<\/section>\n\t\t\t\t\t\t\t<\/div>","protected":false},"excerpt":{"rendered":"<p>Aqu\u00ed est\u00e1 la Granja hoy. Puedes hacer clic en algunos objetos para ver detalles de esa zona. \u00a1O puedes explorarla t\u00fa mismo! Es posible que surjan algunos desaf\u00edos relacionados con estos detalles. Volver a la p\u00e1gina anterior.<\/p>","protected":false},"author":1,"featured_media":0,"parent":2904,"menu_order":0,"comment_status":"closed","ping_status":"closed","template":"","meta":[],"folder":[67],"acf":[],"_links":{"self":[{"href":"https:\/\/spectres.conundrumhouse.com\/es\/wp-json\/wp\/v2\/pages\/3069"}],"collection":[{"href":"https:\/\/spectres.conundrumhouse.com\/es\/wp-json\/wp\/v2\/pages"}],"about":[{"href":"https:\/\/spectres.conundrumhouse.com\/es\/wp-json\/wp\/v2\/types\/page"}],"author":[{"embeddable":true,"href":"https:\/\/spectres.conundrumhouse.com\/es\/wp-json\/wp\/v2\/users\/1"}],"replies":[{"embeddable":true,"href":"https:\/\/spectres.conundrumhouse.com\/es\/wp-json\/wp\/v2\/comments?post=3069"}],"version-history":[{"count":18,"href":"https:\/\/spectres.conundrumhouse.com\/es\/wp-json\/wp\/v2\/pages\/3069\/revisions"}],"predecessor-version":[{"id":3108,"href":"https:\/\/spectres.conundrumhouse.com\/es\/wp-json\/wp\/v2\/pages\/3069\/revisions\/3108"}],"up":[{"embeddable":true,"href":"https:\/\/spectres.conundrumhouse.com\/es\/wp-json\/wp\/v2\/pages\/2904"}],"wp:attachment":[{"href":"https:\/\/spectres.conundrumhouse.com\/es\/wp-json\/wp\/v2\/media?parent=3069"}],"wp:term":[{"taxonomy":"folder","embeddable":true,"href":"https:\/\/spectres.conundrumhouse.com\/es\/wp-json\/wp\/v2\/folder?post=3069"}],"curies":[{"name":"wp","href":"https:\/\/api.w.org\/{rel}","templated":true}]}}