                                                                                                                                                                                                                                                                                                                                                                                                                                                                                                                                                                                                                                                                                                                                                                                                                                                                                                                                                                                                                                                                                                                                                                                                                                                                                                                                                                                                                                                                                                                                                                                                                                                                                                                                                                                                                                                                                                                                                                                                                                                                                                                                                                                                                                                                                                                                                                                                                                                                                                                                                                                                                                                                                                        {"id":1927,"date":"2021-05-01T12:01:23","date_gmt":"2021-05-01T19:01:23","guid":{"rendered":"http:\/\/spectres.conundrumhouse.com\/?page_id=1927"},"modified":"2022-04-17T17:48:04","modified_gmt":"2022-04-18T00:48:04","slug":"week-1-web","status":"publish","type":"page","link":"https:\/\/spectres.conundrumhouse.com\/es\/game-landing-page\/week-one-bridging-the-divide\/week-1-web\/","title":{"rendered":"Desaf\u00edo 1.0 - Balance\u00e1ndose en el viento"},"content":{"rendered":"<div data-elementor-type=\"wp-page\" data-elementor-id=\"1927\" class=\"elementor elementor-1927\">\n\t\t\t\t\t\t\t\t\t<section class=\"elementor-section elementor-top-section elementor-element elementor-element-1352a60 elementor-section-boxed elementor-section-height-default elementor-section-height-default\" data-id=\"1352a60\" data-element_type=\"section\">\n\t\t\t\t\t\t<div class=\"elementor-container elementor-column-gap-default\">\n\t\t\t\t\t<div class=\"elementor-column elementor-col-100 elementor-top-column elementor-element elementor-element-b99116a\" data-id=\"b99116a\" data-element_type=\"column\">\n\t\t\t<div class=\"elementor-widget-wrap elementor-element-populated\">\n\t\t\t\t\t\t\t\t<div class=\"elementor-element elementor-element-d04dbc1 elementor-widget elementor-widget-text-editor\" data-id=\"d04dbc1\" data-element_type=\"widget\" data-widget_type=\"text-editor.default\">\n\t\t\t\t<div class=\"elementor-widget-container\">\n\t\t\t<style>\/*! elementor - v3.12.1 - 02-04-2023 *\/\n.elementor-widget-text-editor.elementor-drop-cap-view-stacked .elementor-drop-cap{background-color:#69727d;color:#fff}.elementor-widget-text-editor.elementor-drop-cap-view-framed .elementor-drop-cap{color:#69727d;border:3px solid;background-color:transparent}.elementor-widget-text-editor:not(.elementor-drop-cap-view-default) .elementor-drop-cap{margin-top:8px}.elementor-widget-text-editor:not(.elementor-drop-cap-view-default) .elementor-drop-cap-letter{width:1em;height:1em}.elementor-widget-text-editor .elementor-drop-cap{float:left;text-align:center;line-height:1;font-size:50px}.elementor-widget-text-editor .elementor-drop-cap-letter{display:inline-block}<\/style>\t\t\t\t<h3 style=\"text-align: center;\"><span style=\"font-weight: 400;\">A medida que avanza en los juegos y desaf\u00edos, encontrar\u00e1<br \/><\/span><span style=\"font-weight: 400;\"> p\u00e1ginas web con un rompecabezas, cuestionario u otro desaf\u00edo.<\/span><\/h3><blockquote><p><span style=\"font-weight: 400;\">Siga las instrucciones de la p\u00e1gina para resolver el desaf\u00edo y, al completarlo con \u00e9xito, aparecer\u00e1 una ventana emergente felicit\u00e1ndolo. Tambi\u00e9n puede mostrar informaci\u00f3n adicional. <\/span><span style=\"color: #000000;\">Tome nota de la informaci\u00f3n crucial presentada<\/span><span style=\"font-weight: 400;\">, ya que solo se mostrar\u00e1 en esta ventana emergente, y solo se puede mostrar nuevamente al resolver el desaf\u00edo nuevamente.<\/span><\/p><\/blockquote>\t\t\t\t\t\t<\/div>\n\t\t\t\t<\/div>\n\t\t\t\t<section class=\"elementor-section elementor-inner-section elementor-element elementor-element-73f59bf elementor-section-boxed elementor-section-height-default elementor-section-height-default\" data-id=\"73f59bf\" data-element_type=\"section\">\n\t\t\t\t\t\t\t<div class=\"elementor-background-overlay\"><\/div>\n\t\t\t\t\t\t\t<div class=\"elementor-container elementor-column-gap-default\">\n\t\t\t\t\t<div class=\"elementor-column elementor-col-50 elementor-inner-column elementor-element elementor-element-6e6adbf\" data-id=\"6e6adbf\" data-element_type=\"column\">\n\t\t\t<div class=\"elementor-widget-wrap elementor-element-populated\">\n\t\t\t\t\t\t\t\t<div class=\"elementor-element elementor-element-2b38746 elementor-widget elementor-widget-text-editor\" data-id=\"2b38746\" data-element_type=\"widget\" data-widget_type=\"text-editor.default\">\n\t\t\t\t<div class=\"elementor-widget-container\">\n\t\t\t\t\t\t\t<p>CR\u00cdTICO: en la parte inferior de la ventana emergente de felicitaciones est\u00e1 el enlace a la p\u00e1gina siguiente del juego.<\/p>\t\t\t\t\t\t<\/div>\n\t\t\t\t<\/div>\n\t\t\t\t\t<\/div>\n\t\t<\/div>\n\t\t\t\t<div class=\"elementor-column elementor-col-50 elementor-inner-column elementor-element elementor-element-722a5cd\" data-id=\"722a5cd\" data-element_type=\"column\">\n\t\t\t<div class=\"elementor-widget-wrap elementor-element-populated\">\n\t\t\t\t\t\t\t\t<div class=\"elementor-element elementor-element-f2b5695 elementor-widget elementor-widget-text-editor\" data-id=\"f2b5695\" data-element_type=\"widget\" data-widget_type=\"text-editor.default\">\n\t\t\t\t<div class=\"elementor-widget-container\">\n\t\t\t\t\t\t\t<p style=\"text-align: center;\"><strong>\u00a0ESTE ES EL \u00daNICO LUGAR DONDE PUEDE PROGRESAR HACIA LA PR\u00d3XIMA ETAPA.\u00a0<\/strong><\/p>\t\t\t\t\t\t<\/div>\n\t\t\t\t<\/div>\n\t\t\t\t\t<\/div>\n\t\t<\/div>\n\t\t\t\t\t\t\t<\/div>\n\t\t<\/section>\n\t\t\t\t<div class=\"elementor-element elementor-element-28c3d01 elementor-widget elementor-widget-text-editor\" data-id=\"28c3d01\" data-element_type=\"widget\" data-widget_type=\"text-editor.default\">\n\t\t\t\t<div class=\"elementor-widget-container\">\n\t\t\t\t\t\t\t<blockquote><p style=\"text-align: center;\"><span style=\"font-weight: 400;\">Si cierra la ventana emergente, tendr\u00e1 que volver a cargar la p\u00e1gina y resolver el desaf\u00edo nuevamente.<\/span><\/p><\/blockquote><h2 style=\"text-align: center;\">\u00a1Vamos al juego!<\/h2>\t\t\t\t\t\t<\/div>\n\t\t\t\t<\/div>\n\t\t\t\t<div class=\"elementor-element elementor-element-fd62f38 elementor-widget elementor-widget-heading\" data-id=\"fd62f38\" data-element_type=\"widget\" data-widget_type=\"heading.default\">\n\t\t\t\t<div class=\"elementor-widget-container\">\n\t\t\t<style>\/*! elementor - v3.12.1 - 02-04-2023 *\/\n.elementor-heading-title{padding:0;margin:0;line-height:1}.elementor-widget-heading .elementor-heading-title[class*=elementor-size-]>a{color:inherit;font-size:inherit;line-height:inherit}.elementor-widget-heading .elementor-heading-title.elementor-size-small{font-size:15px}.elementor-widget-heading .elementor-heading-title.elementor-size-medium{font-size:19px}.elementor-widget-heading .elementor-heading-title.elementor-size-large{font-size:29px}.elementor-widget-heading .elementor-heading-title.elementor-size-xl{font-size:39px}.elementor-widget-heading .elementor-heading-title.elementor-size-xxl{font-size:59px}<\/style><h2 class=\"elementor-heading-title elementor-size-default\">Desaf\u00edo 1<\/h2>\t\t<\/div>\n\t\t\t\t<\/div>\n\t\t\t\t<div class=\"elementor-element elementor-element-7d3bd9a elementor-widget elementor-widget-text-editor\" data-id=\"7d3bd9a\" data-element_type=\"widget\" data-widget_type=\"text-editor.default\">\n\t\t\t\t<div class=\"elementor-widget-container\">\n\t\t\t\t\t\t\t<blockquote><p>Alguien revolvi\u00f3 el panel de informaci\u00f3n en el puente. Ordene esto para que la imagen se use en la decodificaci\u00f3n del pr\u00f3ximo desaf\u00edo.<\/p><\/blockquote>\t\t\t\t\t\t<\/div>\n\t\t\t\t<\/div>\n\t\t\t\t\t<\/div>\n\t\t<\/div>\n\t\t\t\t\t\t\t<\/div>\n\t\t<\/section>\n\t\t\t\t<section class=\"elementor-section elementor-top-section elementor-element elementor-element-2692dbe elementor-section-boxed elementor-section-height-default elementor-section-height-default\" data-id=\"2692dbe\" data-element_type=\"section\">\n\t\t\t\t\t\t<div class=\"elementor-container elementor-column-gap-default\">\n\t\t\t\t\t<div class=\"elementor-column elementor-col-100 elementor-top-column elementor-element elementor-element-4fcf634\" data-id=\"4fcf634\" data-element_type=\"column\">\n\t\t\t<div class=\"elementor-widget-wrap elementor-element-populated\">\n\t\t\t\t\t\t\t\t<div class=\"elementor-element elementor-element-a42f5b9 elementor-widget elementor-widget-html\" data-id=\"a42f5b9\" data-element_type=\"widget\" data-no-translation=\"\" data-widget_type=\"html.default\">\n\t\t\t\t<div class=\"elementor-widget-container\">\n\t\t\t<style>.elementor-element-a42f5b9{display:none !important}<\/style>\t\t<\/div>\n\t\t\t\t<\/div>\n\t\t\t\t<div class=\"elementor-element elementor-element-4b71448 elementor-widget elementor-widget-html\" data-id=\"4b71448\" data-element_type=\"widget\" data-no-translation=\"\" data-widget_type=\"html.default\">\n\t\t\t\t<div class=\"elementor-widget-container\">\n\t\t\t<div><iframe src='https:\/\/puzzel.org\/en\/slidingpuzzle\/embed?p=-MZZZIXTmu7e-DO_2rTx' width='100%' height='500' frameborder='0'><\/iframe><\/div>\t\t<\/div>\n\t\t\t\t<\/div>\n\t\t\t\t\t<\/div>\n\t\t<\/div>\n\t\t\t\t\t\t\t<\/div>\n\t\t<\/section>\n\t\t\t\t<section class=\"elementor-section elementor-top-section elementor-element elementor-element-0b288c8 animated-slow elementor-section-boxed elementor-section-height-default elementor-section-height-default elementor-invisible\" data-id=\"0b288c8\" data-element_type=\"section\" data-settings=\"{&quot;animation&quot;:&quot;fadeIn&quot;,&quot;animation_delay&quot;:60000}\">\n\t\t\t\t\t\t<div class=\"elementor-container elementor-column-gap-default\">\n\t\t\t\t\t<div class=\"elementor-column elementor-col-100 elementor-top-column elementor-element elementor-element-a6b3d1b\" data-id=\"a6b3d1b\" data-element_type=\"column\">\n\t\t\t<div class=\"elementor-widget-wrap elementor-element-populated\">\n\t\t\t\t\t\t\t\t<div class=\"elementor-element elementor-element-b5e3112 elementor-button-warning elementor-align-right animated-slow elementor-invisible elementor-widget elementor-widget-button\" data-id=\"b5e3112\" data-element_type=\"widget\" id=\"css_skip_1_1\" data-settings=\"{&quot;_animation&quot;:&quot;fadeIn&quot;,&quot;_animation_delay&quot;:30000}\" data-widget_type=\"button.default\">\n\t\t\t\t<div class=\"elementor-widget-container\">\n\t\t\t\t\t<div class=\"elementor-button-wrapper\">\n\t\t\t<a href=\"\/es\/bridge-challenge\/\" class=\"elementor-button-link elementor-button elementor-size-sm\" role=\"button\" id=\"skip_1_1\">\n\t\t\t\t\t\t<span class=\"elementor-button-content-wrapper\">\n\t\t\t\t\t\t<span class=\"elementor-button-text\">\u00bfDarse por vencido? Vaya a la Soluci\u00f3n ...<\/span>\n\t\t<\/span>\n\t\t\t\t\t<\/a>\n\t\t<\/div>\n\t\t\t\t<\/div>\n\t\t\t\t<\/div>\n\t\t\t\t\t<\/div>\n\t\t<\/div>\n\t\t\t\t\t\t\t<\/div>\n\t\t<\/section>\n\t\t\t\t\t\t\t<\/div>","protected":false},"excerpt":{"rendered":"<p>A medida que avances en juegos y desaf\u00edos, encontrar\u00e1s p\u00e1ginas web con acertijos, cuestionarios u otros desaf\u00edos. Siga las instrucciones en la p\u00e1gina para resolver el desaf\u00edo y, al completarlo exitosamente, aparecer\u00e1 una ventana emergente felicit\u00e1ndolo. Tambi\u00e9n puede mostrar alguna informaci\u00f3n adicional. Toma nota de lo crucial... <a title=\"Desaf\u00edo 1.0 \u2013 Balance\u00e1ndose en el viento\" class=\"read-more\" href=\"https:\/\/spectres.conundrumhouse.com\/es\/game-landing-page\/week-one-bridging-the-divide\/week-1-web\/\" aria-label=\"M\u00e1s en Desaf\u00edo 1.0 \u2013 Balance\u00e1ndose en el viento\">Leer m\u00e1s<\/a><\/p>","protected":false},"author":2,"featured_media":0,"parent":1016,"menu_order":2,"comment_status":"closed","ping_status":"closed","template":"","meta":[],"folder":[60],"acf":[],"_links":{"self":[{"href":"https:\/\/spectres.conundrumhouse.com\/es\/wp-json\/wp\/v2\/pages\/1927"}],"collection":[{"href":"https:\/\/spectres.conundrumhouse.com\/es\/wp-json\/wp\/v2\/pages"}],"about":[{"href":"https:\/\/spectres.conundrumhouse.com\/es\/wp-json\/wp\/v2\/types\/page"}],"author":[{"embeddable":true,"href":"https:\/\/spectres.conundrumhouse.com\/es\/wp-json\/wp\/v2\/users\/2"}],"replies":[{"embeddable":true,"href":"https:\/\/spectres.conundrumhouse.com\/es\/wp-json\/wp\/v2\/comments?post=1927"}],"version-history":[{"count":49,"href":"https:\/\/spectres.conundrumhouse.com\/es\/wp-json\/wp\/v2\/pages\/1927\/revisions"}],"predecessor-version":[{"id":3377,"href":"https:\/\/spectres.conundrumhouse.com\/es\/wp-json\/wp\/v2\/pages\/1927\/revisions\/3377"}],"up":[{"embeddable":true,"href":"https:\/\/spectres.conundrumhouse.com\/es\/wp-json\/wp\/v2\/pages\/1016"}],"wp:attachment":[{"href":"https:\/\/spectres.conundrumhouse.com\/es\/wp-json\/wp\/v2\/media?parent=1927"}],"wp:term":[{"taxonomy":"folder","embeddable":true,"href":"https:\/\/spectres.conundrumhouse.com\/es\/wp-json\/wp\/v2\/folder?post=1927"}],"curies":[{"name":"wp","href":"https:\/\/api.w.org\/{rel}","templated":true}]}}