                                                                                                                                                                                                                                                                                                                                                                                                                                                                                                                                                                                                                                                                                                                                                                                                                                                                                                                                                                                                                                                                                                                                                                                                                                                                                                                                                                                                                                                                                                                                                                                                                                                                                                                                                                                                                                                                                                                                                                                                                                                                                                                                                                                                                                                                                                                                                                                                                                                                                                                                                                                                                                                                                                        {"id":1593,"date":"2021-04-29T21:35:58","date_gmt":"2021-04-30T04:35:58","guid":{"rendered":"http:\/\/spectres.conundrumhouse.com\/?page_id=1593"},"modified":"2021-05-09T17:46:54","modified_gmt":"2021-05-10T00:46:54","slug":"contact-us","status":"publish","type":"page","link":"https:\/\/spectres.conundrumhouse.com\/es\/about-us\/contact-us\/","title":{"rendered":"Cont\u00e1ctenos"},"content":{"rendered":"<div data-elementor-type=\"wp-page\" data-elementor-id=\"1593\" class=\"elementor elementor-1593\">\n\t\t\t\t\t\t\t\t\t<section class=\"elementor-section elementor-top-section elementor-element elementor-element-46984007 elementor-section-boxed elementor-section-height-default elementor-section-height-default\" data-id=\"46984007\" data-element_type=\"section\">\n\t\t\t\t\t\t<div class=\"elementor-container elementor-column-gap-default\">\n\t\t\t\t\t<div class=\"elementor-column elementor-col-100 elementor-top-column elementor-element elementor-element-5df52c35\" data-id=\"5df52c35\" data-element_type=\"column\">\n\t\t\t<div class=\"elementor-widget-wrap elementor-element-populated\">\n\t\t\t\t\t\t\t\t<div class=\"elementor-element elementor-element-2d5abb1 elementor-widget elementor-widget-heading\" data-id=\"2d5abb1\" data-element_type=\"widget\" data-widget_type=\"heading.default\">\n\t\t\t\t<div class=\"elementor-widget-container\">\n\t\t\t<style>\/*! elementor - v3.12.1 - 02-04-2023 *\/\n.elementor-heading-title{padding:0;margin:0;line-height:1}.elementor-widget-heading .elementor-heading-title[class*=elementor-size-]>a{color:inherit;font-size:inherit;line-height:inherit}.elementor-widget-heading .elementor-heading-title.elementor-size-small{font-size:15px}.elementor-widget-heading .elementor-heading-title.elementor-size-medium{font-size:19px}.elementor-widget-heading .elementor-heading-title.elementor-size-large{font-size:29px}.elementor-widget-heading .elementor-heading-title.elementor-size-xl{font-size:39px}.elementor-widget-heading .elementor-heading-title.elementor-size-xxl{font-size:59px}<\/style><h1 class=\"elementor-heading-title elementor-size-default\">Cont\u00e1ctenos<\/h1>\t\t<\/div>\n\t\t\t\t<\/div>\n\t\t\t\t\t<\/div>\n\t\t<\/div>\n\t\t\t\t\t\t\t<\/div>\n\t\t<\/section>\n\t\t\t\t<section class=\"elementor-section elementor-top-section elementor-element elementor-element-33ce2c8 elementor-section-boxed elementor-section-height-default elementor-section-height-default\" data-id=\"33ce2c8\" data-element_type=\"section\">\n\t\t\t\t\t\t<div class=\"elementor-container elementor-column-gap-default\">\n\t\t\t\t\t<div class=\"elementor-column elementor-col-50 elementor-top-column elementor-element elementor-element-9f7a5f8\" data-id=\"9f7a5f8\" data-element_type=\"column\">\n\t\t\t<div class=\"elementor-widget-wrap elementor-element-populated\">\n\t\t\t\t\t\t\t\t<div class=\"elementor-element elementor-element-3311371 elementor-widget elementor-widget-heading\" data-id=\"3311371\" data-element_type=\"widget\" data-widget_type=\"heading.default\">\n\t\t\t\t<div class=\"elementor-widget-container\">\n\t\t\t<h2 class=\"elementor-heading-title elementor-size-default\">Comisi\u00f3n de Recursos Hist\u00f3ricos del Condado de Benton<\/h2>\t\t<\/div>\n\t\t\t\t<\/div>\n\t\t\t\t<div class=\"elementor-element elementor-element-3923380 elementor-widget elementor-widget-text-editor\" data-id=\"3923380\" data-element_type=\"widget\" data-widget_type=\"text-editor.default\">\n\t\t\t\t<div class=\"elementor-widget-container\">\n\t\t\t<style>\/*! elementor - v3.12.1 - 02-04-2023 *\/\n.elementor-widget-text-editor.elementor-drop-cap-view-stacked .elementor-drop-cap{background-color:#69727d;color:#fff}.elementor-widget-text-editor.elementor-drop-cap-view-framed .elementor-drop-cap{color:#69727d;border:3px solid;background-color:transparent}.elementor-widget-text-editor:not(.elementor-drop-cap-view-default) .elementor-drop-cap{margin-top:8px}.elementor-widget-text-editor:not(.elementor-drop-cap-view-default) .elementor-drop-cap-letter{width:1em;height:1em}.elementor-widget-text-editor .elementor-drop-cap{float:left;text-align:center;line-height:1;font-size:50px}.elementor-widget-text-editor .elementor-drop-cap-letter{display:inline-block}<\/style>\t\t\t\t<p>Inga Williams<br \/>Departamento de Desarrollo Comunitario<br \/>Divisi\u00f3n de planificaci\u00f3n<br \/>360 SW Avery Ave.<br \/>Corvallis, OR 97333-1139<br \/>Tel\u00e9fono: 541-766-6819<\/p>\t\t\t\t\t\t<\/div>\n\t\t\t\t<\/div>\n\t\t\t\t\t<\/div>\n\t\t<\/div>\n\t\t\t\t<div class=\"elementor-column elementor-col-50 elementor-top-column elementor-element elementor-element-e96cd9e\" data-id=\"e96cd9e\" data-element_type=\"column\">\n\t\t\t<div class=\"elementor-widget-wrap elementor-element-populated\">\n\t\t\t\t\t\t\t\t<div class=\"elementor-element elementor-element-77ed982 elementor-widget elementor-widget-image\" data-id=\"77ed982\" data-element_type=\"widget\" data-widget_type=\"image.default\">\n\t\t\t\t<div class=\"elementor-widget-container\">\n\t\t\t<style>\/*! elementor - v3.12.1 - 02-04-2023 *\/\n.elementor-widget-image{text-align:center}.elementor-widget-image a{display:inline-block}.elementor-widget-image a img[src$=\".svg\"]{width:48px}.elementor-widget-image img{vertical-align:middle;display:inline-block}<\/style>\t\t\t\t\t\t\t\t\t\t\t\t<img decoding=\"async\" width=\"564\" height=\"299\" src=\"https:\/\/spectres.conundrumhouse.com\/wp-content\/uploads\/2021\/04\/BentonCounty-logo.png\" class=\"attachment-large size-large wp-image-1761\" alt=\"\" loading=\"lazy\" srcset=\"https:\/\/spectres.conundrumhouse.com\/wp-content\/uploads\/2021\/04\/BentonCounty-logo.png 564w, https:\/\/spectres.conundrumhouse.com\/wp-content\/uploads\/2021\/04\/BentonCounty-logo-300x159.png 300w, https:\/\/spectres.conundrumhouse.com\/wp-content\/uploads\/2021\/04\/BentonCounty-logo-16x8.png 16w\" sizes=\"(max-width: 564px) 100vw, 564px\" \/>\t\t\t\t\t\t\t\t\t\t\t\t\t\t\t<\/div>\n\t\t\t\t<\/div>\n\t\t\t\t\t<\/div>\n\t\t<\/div>\n\t\t\t\t\t\t\t<\/div>\n\t\t<\/section>\n\t\t\t\t<section class=\"elementor-section elementor-top-section elementor-element elementor-element-3c404bb elementor-section-boxed elementor-section-height-default elementor-section-height-default\" data-id=\"3c404bb\" data-element_type=\"section\">\n\t\t\t\t\t\t<div class=\"elementor-container elementor-column-gap-default\">\n\t\t\t\t\t<div class=\"elementor-column elementor-col-50 elementor-top-column elementor-element elementor-element-b811bfa\" data-id=\"b811bfa\" data-element_type=\"column\">\n\t\t\t<div class=\"elementor-widget-wrap elementor-element-populated\">\n\t\t\t\t\t\t\t\t<div class=\"elementor-element elementor-element-3d7a000 elementor-widget elementor-widget-image\" data-id=\"3d7a000\" data-element_type=\"widget\" data-widget_type=\"image.default\">\n\t\t\t\t<div class=\"elementor-widget-container\">\n\t\t\t\t\t\t\t\t\t\t\t\t\t\t\t<img decoding=\"async\" width=\"635\" height=\"330\" src=\"https:\/\/spectres.conundrumhouse.com\/wp-content\/uploads\/2021\/04\/CHouseLogoHoriz.png\" class=\"attachment-large size-large wp-image-1762\" alt=\"\" loading=\"lazy\" srcset=\"https:\/\/spectres.conundrumhouse.com\/wp-content\/uploads\/2021\/04\/CHouseLogoHoriz.png 635w, https:\/\/spectres.conundrumhouse.com\/wp-content\/uploads\/2021\/04\/CHouseLogoHoriz-300x156.png 300w, https:\/\/spectres.conundrumhouse.com\/wp-content\/uploads\/2021\/04\/CHouseLogoHoriz-16x8.png 16w\" sizes=\"(max-width: 635px) 100vw, 635px\" \/>\t\t\t\t\t\t\t\t\t\t\t\t\t\t\t<\/div>\n\t\t\t\t<\/div>\n\t\t\t\t\t<\/div>\n\t\t<\/div>\n\t\t\t\t<div class=\"elementor-column elementor-col-50 elementor-top-column elementor-element elementor-element-12e121e\" data-id=\"12e121e\" data-element_type=\"column\">\n\t\t\t<div class=\"elementor-widget-wrap elementor-element-populated\">\n\t\t\t\t\t\t\t\t<div class=\"elementor-element elementor-element-37121c5 elementor-widget elementor-widget-heading\" data-id=\"37121c5\" data-element_type=\"widget\" data-widget_type=\"heading.default\">\n\t\t\t\t<div class=\"elementor-widget-container\">\n\t\t\t<h2 class=\"elementor-heading-title elementor-size-default\">Casa del enigma<\/h2>\t\t<\/div>\n\t\t\t\t<\/div>\n\t\t\t\t<div class=\"elementor-element elementor-element-83b35ff elementor-widget elementor-widget-text-editor\" data-id=\"83b35ff\" data-element_type=\"widget\" data-widget_type=\"text-editor.default\">\n\t\t\t\t<div class=\"elementor-widget-container\">\n\t\t\t\t\t\t\t<p>Adrienne Fritze<br \/>Mark van der Pol<br \/>460 SW Madison Ave. Suite 16<br \/>Corvallis, OR 97333<br \/>541-224-8114<\/p>\t\t\t\t\t\t<\/div>\n\t\t\t\t<\/div>\n\t\t\t\t\t<\/div>\n\t\t<\/div>\n\t\t\t\t\t\t\t<\/div>\n\t\t<\/section>\n\t\t\t\t\t\t\t<\/div>","protected":false},"excerpt":{"rendered":"<p>Comun\u00edquese con nosotros Comisi\u00f3n de Recursos Hist\u00f3ricos del Condado de Benton Inga WilliamsDepartamento de Desarrollo ComunitarioDivisi\u00f3n de Planificaci\u00f3n360 SW Avery Ave.Corvallis, OR 97333-1139Tel\u00e9fono: 541-766-6819 Conundrum House Adrienne FritzeMark van der Pol460 SW Madison Ave. Suite 16Corvallis, OR 97333541-224-8114<\/p>","protected":false},"author":3,"featured_media":0,"parent":928,"menu_order":0,"comment_status":"closed","ping_status":"closed","template":"","meta":[],"folder":[63],"acf":[],"_links":{"self":[{"href":"https:\/\/spectres.conundrumhouse.com\/es\/wp-json\/wp\/v2\/pages\/1593"}],"collection":[{"href":"https:\/\/spectres.conundrumhouse.com\/es\/wp-json\/wp\/v2\/pages"}],"about":[{"href":"https:\/\/spectres.conundrumhouse.com\/es\/wp-json\/wp\/v2\/types\/page"}],"author":[{"embeddable":true,"href":"https:\/\/spectres.conundrumhouse.com\/es\/wp-json\/wp\/v2\/users\/3"}],"replies":[{"embeddable":true,"href":"https:\/\/spectres.conundrumhouse.com\/es\/wp-json\/wp\/v2\/comments?post=1593"}],"version-history":[{"count":13,"href":"https:\/\/spectres.conundrumhouse.com\/es\/wp-json\/wp\/v2\/pages\/1593\/revisions"}],"predecessor-version":[{"id":1768,"href":"https:\/\/spectres.conundrumhouse.com\/es\/wp-json\/wp\/v2\/pages\/1593\/revisions\/1768"}],"up":[{"embeddable":true,"href":"https:\/\/spectres.conundrumhouse.com\/es\/wp-json\/wp\/v2\/pages\/928"}],"wp:attachment":[{"href":"https:\/\/spectres.conundrumhouse.com\/es\/wp-json\/wp\/v2\/media?parent=1593"}],"wp:term":[{"taxonomy":"folder","embeddable":true,"href":"https:\/\/spectres.conundrumhouse.com\/es\/wp-json\/wp\/v2\/folder?post=1593"}],"curies":[{"name":"wp","href":"https:\/\/api.w.org\/{rel}","templated":true}]}}