                                                                                                                                                                                                                                                                                                                                                                                                                                                                                                                                                                                                                                                                                                                                                                                                                                                                                                                                                                                                                                                                                                                                                                                                                                                                                                                                                                                                                                                                                                                                                                                                                                                                                                                                                                                                                                                                                                                                                                                                                                                                                                                                                                                                                                                                                                                                                                                                                                                                                                                                                                                                                                                                                                        {"id":1402,"date":"2021-04-28T15:39:07","date_gmt":"2021-04-28T22:39:07","guid":{"rendered":"http:\/\/spectres.conundrumhouse.com\/?page_id=1402"},"modified":"2021-05-09T17:52:46","modified_gmt":"2021-05-10T00:52:46","slug":"actionbound","status":"publish","type":"page","link":"https:\/\/spectres.conundrumhouse.com\/es\/faq\/actionbound\/","title":{"rendered":"Actionbound"},"content":{"rendered":"<div data-elementor-type=\"wp-page\" data-elementor-id=\"1402\" class=\"elementor elementor-1402\">\n\t\t\t\t\t\t\t\t\t<section class=\"elementor-section elementor-top-section elementor-element elementor-element-05b045b elementor-section-boxed elementor-section-height-default elementor-section-height-default\" data-id=\"05b045b\" data-element_type=\"section\">\n\t\t\t\t\t\t<div class=\"elementor-container elementor-column-gap-default\">\n\t\t\t\t\t<div class=\"elementor-column elementor-col-100 elementor-top-column elementor-element elementor-element-c10d0bf\" data-id=\"c10d0bf\" data-element_type=\"column\">\n\t\t\t<div class=\"elementor-widget-wrap elementor-element-populated\">\n\t\t\t\t\t\t\t\t<div class=\"elementor-element elementor-element-c9a5103 elementor-widget elementor-widget-heading\" data-id=\"c9a5103\" data-element_type=\"widget\" data-widget_type=\"heading.default\">\n\t\t\t\t<div class=\"elementor-widget-container\">\n\t\t\t<style>\/*! elementor - v3.12.1 - 02-04-2023 *\/\n.elementor-heading-title{padding:0;margin:0;line-height:1}.elementor-widget-heading .elementor-heading-title[class*=elementor-size-]>a{color:inherit;font-size:inherit;line-height:inherit}.elementor-widget-heading .elementor-heading-title.elementor-size-small{font-size:15px}.elementor-widget-heading .elementor-heading-title.elementor-size-medium{font-size:19px}.elementor-widget-heading .elementor-heading-title.elementor-size-large{font-size:29px}.elementor-widget-heading .elementor-heading-title.elementor-size-xl{font-size:39px}.elementor-widget-heading .elementor-heading-title.elementor-size-xxl{font-size:59px}<\/style><h1 class=\"elementor-heading-title elementor-size-default\">Instrucciones de acci\u00f3n<\/h1>\t\t<\/div>\n\t\t\t\t<\/div>\n\t\t\t\t\t<\/div>\n\t\t<\/div>\n\t\t\t\t\t\t\t<\/div>\n\t\t<\/section>\n\t\t\t\t<section class=\"elementor-section elementor-top-section elementor-element elementor-element-cf2ac21 elementor-section-boxed elementor-section-height-default elementor-section-height-default\" data-id=\"cf2ac21\" data-element_type=\"section\">\n\t\t\t\t\t\t<div class=\"elementor-container elementor-column-gap-default\">\n\t\t\t\t\t<div class=\"elementor-column elementor-col-33 elementor-top-column elementor-element elementor-element-9e5e685\" data-id=\"9e5e685\" data-element_type=\"column\">\n\t\t\t<div class=\"elementor-widget-wrap elementor-element-populated\">\n\t\t\t\t\t\t\t\t<div class=\"elementor-element elementor-element-e8c8c01 elementor-widget elementor-widget-image\" data-id=\"e8c8c01\" data-element_type=\"widget\" data-widget_type=\"image.default\">\n\t\t\t\t<div class=\"elementor-widget-container\">\n\t\t\t<style>\/*! elementor - v3.12.1 - 02-04-2023 *\/\n.elementor-widget-image{text-align:center}.elementor-widget-image a{display:inline-block}.elementor-widget-image a img[src$=\".svg\"]{width:48px}.elementor-widget-image img{vertical-align:middle;display:inline-block}<\/style>\t\t\t\t\t\t\t\t\t\t\t\t<img decoding=\"async\" width=\"646\" height=\"780\" src=\"https:\/\/spectres.conundrumhouse.com\/wp-content\/uploads\/2021\/04\/ActionBoundHand.png\" class=\"attachment-large size-large wp-image-1798\" alt=\"\" loading=\"lazy\" srcset=\"https:\/\/spectres.conundrumhouse.com\/wp-content\/uploads\/2021\/04\/ActionBoundHand.png 646w, https:\/\/spectres.conundrumhouse.com\/wp-content\/uploads\/2021\/04\/ActionBoundHand-248x300.png 248w, https:\/\/spectres.conundrumhouse.com\/wp-content\/uploads\/2021\/04\/ActionBoundHand-10x12.png 10w\" sizes=\"(max-width: 646px) 100vw, 646px\" \/>\t\t\t\t\t\t\t\t\t\t\t\t\t\t\t<\/div>\n\t\t\t\t<\/div>\n\t\t\t\t\t<\/div>\n\t\t<\/div>\n\t\t\t\t<div class=\"elementor-column elementor-col-33 elementor-top-column elementor-element elementor-element-e282223\" data-id=\"e282223\" data-element_type=\"column\">\n\t\t\t<div class=\"elementor-widget-wrap elementor-element-populated\">\n\t\t\t\t\t\t\t\t<div class=\"elementor-element elementor-element-1a5cc6b elementor-widget elementor-widget-text-editor\" data-id=\"1a5cc6b\" data-element_type=\"widget\" data-widget_type=\"text-editor.default\">\n\t\t\t\t<div class=\"elementor-widget-container\">\n\t\t\t<style>\/*! elementor - v3.12.1 - 02-04-2023 *\/\n.elementor-widget-text-editor.elementor-drop-cap-view-stacked .elementor-drop-cap{background-color:#69727d;color:#fff}.elementor-widget-text-editor.elementor-drop-cap-view-framed .elementor-drop-cap{color:#69727d;border:3px solid;background-color:transparent}.elementor-widget-text-editor:not(.elementor-drop-cap-view-default) .elementor-drop-cap{margin-top:8px}.elementor-widget-text-editor:not(.elementor-drop-cap-view-default) .elementor-drop-cap-letter{width:1em;height:1em}.elementor-widget-text-editor .elementor-drop-cap{float:left;text-align:center;line-height:1;font-size:50px}.elementor-widget-text-editor .elementor-drop-cap-letter{display:inline-block}<\/style>\t\t\t\t<blockquote><h3><em><span dir=\"ltr\">A Bound es una b\u00fasqueda interactiva de tel\u00e9fonos inteligentes. (La caza tambi\u00e9n puede<\/span><span dir=\"ltr\">\u00a0ser accedido desde tu <\/span><span dir=\"ltr\">navegador.) Con la aplicaci\u00f3n Actionbound, puede participar <\/span><span dir=\"ltr\">en emocionante, divertido e informativo <\/span><span dir=\"ltr\">\u00a1L\u00edmites como ESPECTORES PASADOS! El principio es similar a una b\u00fasqueda del tesoro cl\u00e1sica.<\/span><span dir=\"ltr\"> o geocaching, pero tambi\u00e9n <\/span><span dir=\"ltr\">incluye archivos multimedia, Internet y archivos creados por el reproductor <\/span><\/em><span dir=\"ltr\"><em>contenido.<\/em> <\/span><\/h3><\/blockquote>\t\t\t\t\t\t<\/div>\n\t\t\t\t<\/div>\n\t\t\t\t\t<\/div>\n\t\t<\/div>\n\t\t\t\t<div class=\"elementor-column elementor-col-33 elementor-top-column elementor-element elementor-element-daec2ce\" data-id=\"daec2ce\" data-element_type=\"column\">\n\t\t\t<div class=\"elementor-widget-wrap elementor-element-populated\">\n\t\t\t\t\t\t\t\t<div class=\"elementor-element elementor-element-abaadcb elementor-widget elementor-widget-image\" data-id=\"abaadcb\" data-element_type=\"widget\" data-widget_type=\"image.default\">\n\t\t\t\t<div class=\"elementor-widget-container\">\n\t\t\t\t\t\t\t\t\t\t\t\t\t\t\t<img decoding=\"async\" width=\"768\" height=\"1326\" src=\"https:\/\/spectres.conundrumhouse.com\/wp-content\/uploads\/2021\/04\/ActionboundHandPhone-768x1326.png\" class=\"attachment-medium_large size-medium_large wp-image-1799\" alt=\"\" loading=\"lazy\" srcset=\"https:\/\/spectres.conundrumhouse.com\/wp-content\/uploads\/2021\/04\/ActionboundHandPhone-768x1326.png 768w, https:\/\/spectres.conundrumhouse.com\/wp-content\/uploads\/2021\/04\/ActionboundHandPhone-174x300.png 174w, https:\/\/spectres.conundrumhouse.com\/wp-content\/uploads\/2021\/04\/ActionboundHandPhone-593x1024.png 593w, https:\/\/spectres.conundrumhouse.com\/wp-content\/uploads\/2021\/04\/ActionboundHandPhone-7x12.png 7w, https:\/\/spectres.conundrumhouse.com\/wp-content\/uploads\/2021\/04\/ActionboundHandPhone.png 771w\" sizes=\"(max-width: 768px) 100vw, 768px\" \/>\t\t\t\t\t\t\t\t\t\t\t\t\t\t\t<\/div>\n\t\t\t\t<\/div>\n\t\t\t\t\t<\/div>\n\t\t<\/div>\n\t\t\t\t\t\t\t<\/div>\n\t\t<\/section>\n\t\t\t\t<section class=\"elementor-section elementor-top-section elementor-element elementor-element-8613949 elementor-section-boxed elementor-section-height-default elementor-section-height-default\" data-id=\"8613949\" data-element_type=\"section\">\n\t\t\t\t\t\t<div class=\"elementor-container elementor-column-gap-default\">\n\t\t\t\t\t<div class=\"elementor-column elementor-col-100 elementor-top-column elementor-element elementor-element-198219e\" data-id=\"198219e\" data-element_type=\"column\">\n\t\t\t<div class=\"elementor-widget-wrap elementor-element-populated\">\n\t\t\t\t\t\t\t\t<div class=\"elementor-element elementor-element-6bcee77 elementor-tabs-view-horizontal elementor-widget elementor-widget-tabs\" data-id=\"6bcee77\" data-element_type=\"widget\" data-widget_type=\"tabs.default\">\n\t\t\t\t<div class=\"elementor-widget-container\">\n\t\t\t<style>\/*! elementor - v3.12.1 - 02-04-2023 *\/\n.elementor-widget-tabs.elementor-tabs-view-vertical .elementor-tabs-wrapper{width:25%;flex-shrink:0}.elementor-widget-tabs.elementor-tabs-view-vertical .elementor-tab-desktop-title.elementor-active{border-right-style:none}.elementor-widget-tabs.elementor-tabs-view-vertical .elementor-tab-desktop-title.elementor-active:after,.elementor-widget-tabs.elementor-tabs-view-vertical .elementor-tab-desktop-title.elementor-active:before{height:999em;width:0;right:0;border-right-style:solid}.elementor-widget-tabs.elementor-tabs-view-vertical .elementor-tab-desktop-title.elementor-active:before{top:0;transform:translateY(-100%)}.elementor-widget-tabs.elementor-tabs-view-vertical .elementor-tab-desktop-title.elementor-active:after{top:100%}.elementor-widget-tabs.elementor-tabs-view-horizontal .elementor-tab-desktop-title{display:table-cell}.elementor-widget-tabs.elementor-tabs-view-horizontal .elementor-tab-desktop-title.elementor-active{border-bottom-style:none}.elementor-widget-tabs.elementor-tabs-view-horizontal .elementor-tab-desktop-title.elementor-active:after,.elementor-widget-tabs.elementor-tabs-view-horizontal .elementor-tab-desktop-title.elementor-active:before{bottom:0;height:0;width:999em;border-bottom-style:solid}.elementor-widget-tabs.elementor-tabs-view-horizontal .elementor-tab-desktop-title.elementor-active:before{right:100%}.elementor-widget-tabs.elementor-tabs-view-horizontal .elementor-tab-desktop-title.elementor-active:after{left:100%}.elementor-widget-tabs .elementor-tab-content,.elementor-widget-tabs .elementor-tab-title,.elementor-widget-tabs .elementor-tab-title:after,.elementor-widget-tabs .elementor-tab-title:before,.elementor-widget-tabs .elementor-tabs-content-wrapper{border:1px #d5d8dc}.elementor-widget-tabs .elementor-tabs{text-align:left}.elementor-widget-tabs .elementor-tabs-wrapper{overflow:hidden}.elementor-widget-tabs .elementor-tab-title{cursor:pointer;outline:var(--focus-outline,none)}.elementor-widget-tabs .elementor-tab-desktop-title{position:relative;padding:20px 25px;font-weight:700;line-height:1;border:solid transparent}.elementor-widget-tabs .elementor-tab-desktop-title.elementor-active{border-color:#d5d8dc}.elementor-widget-tabs .elementor-tab-desktop-title.elementor-active:after,.elementor-widget-tabs .elementor-tab-desktop-title.elementor-active:before{display:block;content:\"\";position:absolute}.elementor-widget-tabs .elementor-tab-desktop-title:focus-visible{border:1px solid #000}.elementor-widget-tabs .elementor-tab-mobile-title{padding:10px;cursor:pointer}.elementor-widget-tabs .elementor-tab-content{padding:20px;display:none}@media (max-width:767px){.elementor-tabs .elementor-tab-content,.elementor-tabs .elementor-tab-title{border-style:solid solid none}.elementor-tabs .elementor-tabs-wrapper{display:none}.elementor-tabs .elementor-tabs-content-wrapper{border-bottom-style:solid}.elementor-tabs .elementor-tab-content{padding:10px}}@media (min-width:768px){.elementor-widget-tabs.elementor-tabs-view-vertical .elementor-tabs{display:flex}.elementor-widget-tabs.elementor-tabs-view-vertical .elementor-tabs-wrapper{flex-direction:column}.elementor-widget-tabs.elementor-tabs-view-vertical .elementor-tabs-content-wrapper{flex-grow:1;border-style:solid solid solid none}.elementor-widget-tabs.elementor-tabs-view-horizontal .elementor-tab-content{border-style:none solid solid}.elementor-widget-tabs.elementor-tabs-alignment-center .elementor-tabs-wrapper,.elementor-widget-tabs.elementor-tabs-alignment-end .elementor-tabs-wrapper,.elementor-widget-tabs.elementor-tabs-alignment-stretch .elementor-tabs-wrapper{display:flex}.elementor-widget-tabs.elementor-tabs-alignment-center .elementor-tabs-wrapper{justify-content:center}.elementor-widget-tabs.elementor-tabs-alignment-end .elementor-tabs-wrapper{justify-content:flex-end}.elementor-widget-tabs.elementor-tabs-alignment-stretch.elementor-tabs-view-horizontal .elementor-tab-title{width:100%}.elementor-widget-tabs.elementor-tabs-alignment-stretch.elementor-tabs-view-vertical .elementor-tab-title{height:100%}.elementor-tabs .elementor-tab-mobile-title{display:none}}<\/style>\t\t<div class=\"elementor-tabs\">\n\t\t\t<div class=\"elementor-tabs-wrapper\" role=\"tablist\" >\n\t\t\t\t\t\t\t\t\t<div id=\"elementor-tab-title-1131\" class=\"elementor-tab-title elementor-tab-desktop-title\" aria-selected=\"true\" data-tab=\"1\" role=\"tab\" tabindex=\"0\" aria-controls=\"elementor-tab-content-1131\" aria-expanded=\"false\">\u00bfD\u00f3nde puedo acceder a Actionbound?<\/div>\n\t\t\t\t\t\t\t\t\t<div id=\"elementor-tab-title-1132\" class=\"elementor-tab-title elementor-tab-desktop-title\" aria-selected=\"false\" data-tab=\"2\" role=\"tab\" tabindex=\"-1\" aria-controls=\"elementor-tab-content-1132\" aria-expanded=\"false\">\u00bfC\u00f3mo juego?<\/div>\n\t\t\t\t\t\t\t\t\t<div id=\"elementor-tab-title-1133\" class=\"elementor-tab-title elementor-tab-desktop-title\" aria-selected=\"false\" data-tab=\"3\" role=\"tab\" tabindex=\"-1\" aria-controls=\"elementor-tab-content-1133\" aria-expanded=\"false\">\u00bfNecesito una conexi\u00f3n a Internet mientras juego?<\/div>\n\t\t\t\t\t\t\t<\/div>\n\t\t\t<div class=\"elementor-tabs-content-wrapper\" role=\"tablist\" aria-orientation=\"vertical\">\n\t\t\t\t\t\t\t\t\t<div class=\"elementor-tab-title elementor-tab-mobile-title\" aria-selected=\"true\" data-tab=\"1\" role=\"tab\" tabindex=\"0\" aria-controls=\"elementor-tab-content-1131\" aria-expanded=\"false\">\u00bfD\u00f3nde puedo acceder a Actionbound?<\/div>\n\t\t\t\t\t<div id=\"elementor-tab-content-1131\" class=\"elementor-tab-content elementor-clearfix\" data-tab=\"1\" role=\"tabpanel\" aria-labelledby=\"elementor-tab-title-1131\" tabindex=\"0\" hidden=\"false\"><p>Hay dos formas de acceder al juego utilizando Actionbound.<\/p><ol><li>Descargue la aplicaci\u00f3n Actionbound de la tienda de aplicaciones de su dispositivo m\u00f3vil.<p><strong>Versi\u00f3n de Google Play<\/strong> aqu\u00ed: <a href=\"https:\/\/play.google.com\/store\/apps\/details?id=de.actionbound\">https:\/\/play.google.com\/store\/apps\/details?id=de.actionbound<\/a><\/p><p><strong>Versi\u00f3n de la App Store<\/strong> aqu\u00ed: <a href=\"https:\/\/apps.apple.com\/app\/actionbound\/id582660833\">https:\/\/apps.apple.com\/app\/actionbound\/id582660833\u00a0<\/a><\/p><\/li><\/ol><\/div>\n\t\t\t\t\t\t\t\t\t<div class=\"elementor-tab-title elementor-tab-mobile-title\" aria-selected=\"false\" data-tab=\"2\" role=\"tab\" tabindex=\"-1\" aria-controls=\"elementor-tab-content-1132\" aria-expanded=\"false\">\u00bfC\u00f3mo juego?<\/div>\n\t\t\t\t\t<div id=\"elementor-tab-content-1132\" class=\"elementor-tab-content elementor-clearfix\" data-tab=\"2\" role=\"tabpanel\" aria-labelledby=\"elementor-tab-title-1132\" tabindex=\"0\" hidden=\"hidden\"><p>Para encontrar nuestro juego usando su dispositivo m\u00f3vil, vaya a la p\u00e1gina del juego de la semana actual y escanee el c\u00f3digo QR. TENGA EN CUENTA: ANTES de escanear el c\u00f3digo QR del juego, \u00a1ASEG\u00daRESE DE HABER INSTALADO Actionbound en su dispositivo!<\/p><p><a href=\"https:\/\/de.actionbound.com\/bound\/spectres\">https:\/\/de.actionbound.com\/bound\/spectres<\/a><\/p><\/div>\n\t\t\t\t\t\t\t\t\t<div class=\"elementor-tab-title elementor-tab-mobile-title\" aria-selected=\"false\" data-tab=\"3\" role=\"tab\" tabindex=\"-1\" aria-controls=\"elementor-tab-content-1133\" aria-expanded=\"false\">\u00bfNecesito una conexi\u00f3n a Internet mientras juego?<\/div>\n\t\t\t\t\t<div id=\"elementor-tab-content-1133\" class=\"elementor-tab-content elementor-clearfix\" data-tab=\"3\" role=\"tabpanel\" aria-labelledby=\"elementor-tab-title-1133\" tabindex=\"0\" hidden=\"hidden\"><p>No. El contenido multimedia de Bound estar\u00e1 precargado. Esto se aplica a todo el contenido: misiones, texto, im\u00e1genes, videos y sonidos cargados en la biblioteca de medios de Actionbound.<\/p><\/div>\n\t\t\t\t\t\t\t<\/div>\n\t\t<\/div>\n\t\t\t\t<\/div>\n\t\t\t\t<\/div>\n\t\t\t\t\t<\/div>\n\t\t<\/div>\n\t\t\t\t\t\t\t<\/div>\n\t\t<\/section>\n\t\t\t\t\t\t\t<\/div>","protected":false},"excerpt":{"rendered":"<p>Instrucciones Actionbound A Bound es una b\u00fasqueda interactiva en tel\u00e9fonos inteligentes. (Tambi\u00e9n puedes acceder a la b\u00fasqueda desde tu navegador). Con la aplicaci\u00f3n Actionbound, puedes participar en Bounds emocionantes, divertidos e informativos como SPECTERS PAST. El principio es similar a la b\u00fasqueda del tesoro cl\u00e1sica o al geocaching, pero tambi\u00e9n incluye archivos multimedia, Internet y contenido creado por el reproductor. \u2026 <a title=\"Actionbound\" class=\"read-more\" href=\"https:\/\/spectres.conundrumhouse.com\/es\/faq\/actionbound\/\" aria-label=\"M\u00e1s en Actionbound\">Leer m\u00e1s<\/a><\/p>","protected":false},"author":3,"featured_media":0,"parent":762,"menu_order":0,"comment_status":"closed","ping_status":"closed","template":"","meta":[],"folder":[65],"acf":[],"_links":{"self":[{"href":"https:\/\/spectres.conundrumhouse.com\/es\/wp-json\/wp\/v2\/pages\/1402"}],"collection":[{"href":"https:\/\/spectres.conundrumhouse.com\/es\/wp-json\/wp\/v2\/pages"}],"about":[{"href":"https:\/\/spectres.conundrumhouse.com\/es\/wp-json\/wp\/v2\/types\/page"}],"author":[{"embeddable":true,"href":"https:\/\/spectres.conundrumhouse.com\/es\/wp-json\/wp\/v2\/users\/3"}],"replies":[{"embeddable":true,"href":"https:\/\/spectres.conundrumhouse.com\/es\/wp-json\/wp\/v2\/comments?post=1402"}],"version-history":[{"count":54,"href":"https:\/\/spectres.conundrumhouse.com\/es\/wp-json\/wp\/v2\/pages\/1402\/revisions"}],"predecessor-version":[{"id":2532,"href":"https:\/\/spectres.conundrumhouse.com\/es\/wp-json\/wp\/v2\/pages\/1402\/revisions\/2532"}],"up":[{"embeddable":true,"href":"https:\/\/spectres.conundrumhouse.com\/es\/wp-json\/wp\/v2\/pages\/762"}],"wp:attachment":[{"href":"https:\/\/spectres.conundrumhouse.com\/es\/wp-json\/wp\/v2\/media?parent=1402"}],"wp:term":[{"taxonomy":"folder","embeddable":true,"href":"https:\/\/spectres.conundrumhouse.com\/es\/wp-json\/wp\/v2\/folder?post=1402"}],"curies":[{"name":"wp","href":"https:\/\/api.w.org\/{rel}","templated":true}]}}